{"id":696,"date":"2017-12-04T11:07:39","date_gmt":"2017-12-04T10:07:39","guid":{"rendered":"https:\/\/www.meccanicarossi.com\/?page_id=696"},"modified":"2026-05-13T14:33:34","modified_gmt":"2026-05-13T12:33:34","slug":"qui-sommes-nous","status":"publish","type":"page","link":"https:\/\/www.meccanicarossi.com\/fr\/qui-sommes-nous\/","title":{"rendered":"Qui sommes-nous"},"content":{"rendered":"<p>[vc_row css_animation=\u00a0\u00bb\u00a0\u00bb row_type=\u00a0\u00bbrow\u00a0\u00bb use_row_as_full_screen_section=\u00a0\u00bbno\u00a0\u00bb type=\u00a0\u00bbgrid\u00a0\u00bb angled_section=\u00a0\u00bbno\u00a0\u00bb text_align=\u00a0\u00bbleft\u00a0\u00bb background_image_as_pattern=\u00a0\u00bbwithout_pattern\u00a0\u00bb z_index=\u00a0\u00bb\u00a0\u00bb css=\u00a0\u00bb.vc_custom_1512388758522{padding-top: 153px !important;padding-bottom: 41px !important;}\u00a0\u00bb][vc_column offset=\u00a0\u00bbvc_col-lg-4 vc_col-md-4&Prime;][vc_single_image image=\u00a0\u00bb690&Prime; img_size=\u00a0\u00bbfull\u00a0\u00bb qode_css_animation=\u00a0\u00bb\u00a0\u00bb][vc_empty_space height=\u00a0\u00bb17px\u00a0\u00bb][vc_column_text]<\/p>\n<h3>SOLUTIONS INNOVANTES<\/h3>\n<p>[\/vc_column_text][vc_empty_space height=\u00a0\u00bb8px\u00a0\u00bb][vc_column_text]La recherche de solutions innovantes et la mise \u00e0 jour technologique constante ont contribu\u00e9 \u00e0 faire de notre entreprise un point de r\u00e9f\u00e9rence dans le secteur des machines \u00e0 profil\u00e9.[\/vc_column_text][vc_empty_space height=\u00a0\u00bb50px\u00a0\u00bb][\/vc_column][vc_column offset=\u00a0\u00bbvc_col-lg-4 vc_col-md-4&Prime;][vc_single_image image=\u00a0\u00bb691&Prime; img_size=\u00a0\u00bbfull\u00a0\u00bb qode_css_animation=\u00a0\u00bb\u00a0\u00bb][vc_empty_space height=\u00a0\u00bb17px\u00a0\u00bb][vc_column_text]<\/p>\n<h3>CONTR\u00d4LE QUALIT\u00c9<\/h3>\n<p>[\/vc_column_text][vc_empty_space height=\u00a0\u00bb8px\u00a0\u00bb][vc_column_text]Conjointement \u00e0 notre engagement, nous avons d\u00e9velopp\u00e9 un savoir-faire qui nous garantit un contr\u00f4le qualit\u00e9 parfait et une conformit\u00e9 aux normes de certification europ\u00e9ennes. La production, de la conception \u00e0 la r\u00e9alisation, est effectu\u00e9e par des techniciens sp\u00e9cialis\u00e9s \u00e0 l&rsquo;aide des syst\u00e8mes de conception et de fabrication les plus modernes, afin de garantir en permanence un standard qualitatif \u00e9lev\u00e9.[\/vc_column_text][vc_empty_space height=\u00a0\u00bb50px\u00a0\u00bb][\/vc_column][vc_column offset=\u00a0\u00bbvc_col-lg-4 vc_col-md-4&Prime;][vc_single_image image=\u00a0\u00bb692&Prime; img_size=\u00a0\u00bbfull\u00a0\u00bb qode_css_animation=\u00a0\u00bb\u00a0\u00bb][vc_empty_space height=\u00a0\u00bb17px\u00a0\u00bb][vc_column_text]<\/p>\n<h3>S\u00c9RIEUX ET COMP\u00c9TENCE<\/h3>\n<p>[\/vc_column_text][vc_empty_space height=\u00a0\u00bb8px\u00a0\u00bb][vc_column_text]Le soin apport\u00e9 \u00e0 toutes les phases de r\u00e9alisation et l&rsquo;assistance offerte \u00e0 la client\u00e8le contribuent \u00e0 faire de nous un point de r\u00e9f\u00e9rence pr\u00e9sent et futur, aussi bien dans la phase de conception que dans l&rsquo;assistance technique apr\u00e8s-vente. Le s\u00e9rieux et la comp\u00e9tence ont contribu\u00e9 \u00e0 \u00e9tendre nos produits sur tous les march\u00e9s, en t\u00e9moignage d&rsquo;une qualit\u00e9 et d&rsquo;une fiabilit\u00e9 que l&rsquo;on retrouve dans de nombreuses applications.[\/vc_column_text][vc_empty_space height=\u00a0\u00bb50px\u00a0\u00bb][\/vc_column][\/vc_row][vc_row css_animation=\u00a0\u00bb\u00a0\u00bb row_type=\u00a0\u00bbrow\u00a0\u00bb use_row_as_full_screen_section=\u00a0\u00bbno\u00a0\u00bb type=\u00a0\u00bbfull_width\u00a0\u00bb angled_section=\u00a0\u00bbno\u00a0\u00bb text_align=\u00a0\u00bbleft\u00a0\u00bb background_image_as_pattern=\u00a0\u00bbwithout_pattern\u00a0\u00bb][vc_column]<div class=\"call_to_action with_icon\" style=\"background-color: #e9242e;padding-top: 55px;padding-bottom: 55px;\"><div class=\"container_inner\"><div class=\"two_columns_75_25 clearfix\"><div class=\"text_wrapper column1\"><div class=\"call_to_action_icon_holder\"><div class=\"call_to_action_icon\"><div class=\"call_to_action_icon_inner\"><img decoding=\"async\" itemprop=\"image\" src=\"https:\/\/www.meccanicarossi.com\/wp-content\/uploads\/2019\/07\/gear2.png\" alt=\"\"><\/div><\/div><\/div><div class=\"call_to_action_text \" style=\"\">\n<h3><span style=\"color: #ffffff;\">Chiamaci subito per ricevere un preventivo completo!<\/span><\/h3>\n<\/div><\/div><div class=\"button_wrapper column2\"><a itemprop=\"url\" href=\"\/contatti\" class=\"qbutton white large\" target=\"_self\" style=\"color: #222222;border-color: #ffffff;background-color: #ffffff;\"data-hover-background-color=rgba(255,255,255,0.95) data-hover-border-color=rgba(255,255,255,0.95) data-hover-color=#dd3333>Contattaci<\/a><\/div><\/div><\/div><\/div>[\/vc_column][\/vc_row]<\/p>\n","protected":false},"excerpt":{"rendered":"<p>[vc_row css_animation=\u00a0\u00bb\u00a0\u00bb row_type=\u00a0\u00bbrow\u00a0\u00bb use_row_as_full_screen_section=\u00a0\u00bbno\u00a0\u00bb type=\u00a0\u00bbgrid\u00a0\u00bb angled_section=\u00a0\u00bbno\u00a0\u00bb text_align=\u00a0\u00bbleft\u00a0\u00bb background_image_as_pattern=\u00a0\u00bbwithout_pattern\u00a0\u00bb z_index=\u00a0\u00bb\u00a0\u00bb css=\u00a0\u00bb.vc_custom_1512388758522{padding-top: 153px !important;padding-bottom: 41px !important;}\u00a0\u00bb][vc_column offset=\u00a0\u00bbvc_col-lg-4 vc_col-md-4&Prime;][vc_single_image image=\u00a0\u00bb690&Prime; img_size=\u00a0\u00bbfull\u00a0\u00bb qode_css_animation=\u00a0\u00bb\u00a0\u00bb][vc_empty_space height=\u00a0\u00bb17px\u00a0\u00bb][vc_column_text] SOLUTIONS INNOVANTES [\/vc_column_text][vc_empty_space height=\u00a0\u00bb8px\u00a0\u00bb][vc_column_text]La recherche de solutions innovantes et la mise \u00e0 jour technologique constante ont contribu\u00e9 \u00e0 faire de notre entreprise un point de&#8230;<\/p>\n","protected":false},"author":1,"featured_media":0,"parent":0,"menu_order":0,"comment_status":"closed","ping_status":"closed","template":"full_width.php","meta":{"footnotes":""},"class_list":["post-696","page","type-page","status-publish","hentry"],"_links":{"self":[{"href":"https:\/\/www.meccanicarossi.com\/fr\/wp-json\/wp\/v2\/pages\/696","targetHints":{"allow":["GET"]}}],"collection":[{"href":"https:\/\/www.meccanicarossi.com\/fr\/wp-json\/wp\/v2\/pages"}],"about":[{"href":"https:\/\/www.meccanicarossi.com\/fr\/wp-json\/wp\/v2\/types\/page"}],"author":[{"embeddable":true,"href":"https:\/\/www.meccanicarossi.com\/fr\/wp-json\/wp\/v2\/users\/1"}],"replies":[{"embeddable":true,"href":"https:\/\/www.meccanicarossi.com\/fr\/wp-json\/wp\/v2\/comments?post=696"}],"version-history":[{"count":3,"href":"https:\/\/www.meccanicarossi.com\/fr\/wp-json\/wp\/v2\/pages\/696\/revisions"}],"predecessor-version":[{"id":703,"href":"https:\/\/www.meccanicarossi.com\/fr\/wp-json\/wp\/v2\/pages\/696\/revisions\/703"}],"wp:attachment":[{"href":"https:\/\/www.meccanicarossi.com\/fr\/wp-json\/wp\/v2\/media?parent=696"}],"curies":[{"name":"wp","href":"https:\/\/api.w.org\/{rel}","templated":true}]}}