{"id":678,"date":"2017-11-29T09:22:50","date_gmt":"2017-11-29T08:22:50","guid":{"rendered":"https:\/\/www.meccanicarossi.com\/?page_id=678"},"modified":"2026-05-13T14:49:44","modified_gmt":"2026-05-13T12:49:44","slug":"home","status":"publish","type":"page","link":"https:\/\/www.meccanicarossi.com\/fr\/","title":{"rendered":"Home"},"content":{"rendered":"<p>[vc_row css_animation=\u00a0\u00bb\u00a0\u00bb row_type=\u00a0\u00bbrow\u00a0\u00bb use_row_as_full_screen_section=\u00a0\u00bbno\u00a0\u00bb type=\u00a0\u00bbgrid\u00a0\u00bb angled_section=\u00a0\u00bbno\u00a0\u00bb text_align=\u00a0\u00bbcenter\u00a0\u00bb background_image_as_pattern=\u00a0\u00bbwithout_pattern\u00a0\u00bb z_index=\u00a0\u00bb\u00a0\u00bb][vc_column width=\u00a0\u00bb1\/2&Prime; css=\u00a0\u00bb.vc_custom_1582562396762{margin-top: -124px !important;}\u00a0\u00bb][qode_elements_holder background_color=\u00a0\u00bb#ffffff\u00a0\u00bb number_of_columns=\u00a0\u00bbone_column\u00a0\u00bb alignment_one_column=\u00a0\u00bbcenter\u00a0\u00bb custom_class=\u00a0\u00bbeh-with-shadow\u00a0\u00bb][qode_elements_holder_item vertical_alignment=\u00a0\u00bbmiddle\u00a0\u00bb horizontal_alignment=\u00a0\u00bbcenter\u00a0\u00bb advanced_animations=\u00a0\u00bbno\u00a0\u00bb item_padding=\u00a0\u00bb63px 36px 50px 36px\u00a0\u00bb item_padding_1024_1280=\u00a0\u00bb63px 36px 50px 36px\u00a0\u00bb][vc_empty_space height=\u00a0\u00bb19px\u00a0\u00bb][vc_column_text]<\/p>\n<h3 style=\"text-align: center;\">Production<\/h3>\n<p>[\/vc_column_text][vc_empty_space height=\u00a0\u00bb10px\u00a0\u00bb][vc_column_text]<\/p>\n<p style=\"text-align: center;\">Nos machines sont enti\u00e8rement assembl\u00e9es par nos op\u00e9rateurs, dont l&rsquo;exp\u00e9rience en fabrication, combin\u00e9e \u00e0 celle de nos collaborateurs externes, garantit des normes de qualit\u00e9 \u00e9lev\u00e9es et une r\u00e9alisation rapide.<\/p>\n<p>[\/vc_column_text][vc_empty_space height=\u00a0\u00bb43px\u00a0\u00bb][\/qode_elements_holder_item][\/qode_elements_holder][vc_empty_space height=\u00a0\u00bb130px\u00a0\u00bb][\/vc_column][vc_column width=\u00a0\u00bb1\/2&Prime; css=\u00a0\u00bb.vc_custom_1582562402671{margin-top: -124px !important;}\u00a0\u00bb][qode_elements_holder background_color=\u00a0\u00bb#ffffff\u00a0\u00bb number_of_columns=\u00a0\u00bbone_column\u00a0\u00bb alignment_one_column=\u00a0\u00bbcenter\u00a0\u00bb custom_class=\u00a0\u00bbeh-with-shadow\u00a0\u00bb][qode_elements_holder_item vertical_alignment=\u00a0\u00bbmiddle\u00a0\u00bb horizontal_alignment=\u00a0\u00bbcenter\u00a0\u00bb advanced_animations=\u00a0\u00bbno\u00a0\u00bb item_padding=\u00a0\u00bb63px 36px 50px 36px\u00a0\u00bb item_padding_1024_1280=\u00a0\u00bb63px 36px 50px 36px\u00a0\u00bb][vc_empty_space height=\u00a0\u00bb10px\u00a0\u00bb][vc_single_image image=\u00a0\u00bb47&Prime; img_size=\u00a0\u00bbfull\u00a0\u00bb alignment=\u00a0\u00bbcenter\u00a0\u00bb qode_css_animation=\u00a0\u00bb\u00a0\u00bb][vc_column_text]<\/p>\n<h3 style=\"text-align: center;\">Conception<\/h3>\n<p>[\/vc_column_text][vc_empty_space height=\u00a0\u00bb19px\u00a0\u00bb][vc_column_text]<\/p>\n<p style=\"text-align: center;\">Machines minutieusement con\u00e7ues pour r\u00e9pondre au mieux \u00e0 toutes vos exigences, gr\u00e2ce \u00e0 notre exp\u00e9rience de quarante ans et \u00e0 notre recherche continue de solutions innovantes et de pointe.<\/p>\n<p>[\/vc_column_text][vc_empty_space height=\u00a0\u00bb43px\u00a0\u00bb][\/qode_elements_holder_item][\/qode_elements_holder][vc_empty_space height=\u00a0\u00bb130px\u00a0\u00bb][\/vc_column][\/vc_row][vc_row css_animation=\u00a0\u00bb\u00a0\u00bb row_type=\u00a0\u00bbrow\u00a0\u00bb use_row_as_full_screen_section=\u00a0\u00bbno\u00a0\u00bb type=\u00a0\u00bbgrid\u00a0\u00bb angled_section=\u00a0\u00bbno\u00a0\u00bb text_align=\u00a0\u00bbcenter\u00a0\u00bb background_image_as_pattern=\u00a0\u00bbwithout_pattern\u00a0\u00bb z_index=\u00a0\u00bb\u00a0\u00bb][vc_column css=\u00a0\u00bb.vc_custom_1582562239991{margin-top: -124px !important;}\u00a0\u00bb offset=\u00a0\u00bbvc_col-lg-4 vc_hidden-lg vc_col-md-12 vc_hidden-md vc_hidden-sm vc_hidden-xs\u00a0\u00bb][qode_elements_holder background_color=\u00a0\u00bb#ffffff\u00a0\u00bb number_of_columns=\u00a0\u00bbone_column\u00a0\u00bb alignment_one_column=\u00a0\u00bbcenter\u00a0\u00bb custom_class=\u00a0\u00bbeh-with-shadow\u00a0\u00bb][qode_elements_holder_item vertical_alignment=\u00a0\u00bbmiddle\u00a0\u00bb horizontal_alignment=\u00a0\u00bbcenter\u00a0\u00bb advanced_animations=\u00a0\u00bbno\u00a0\u00bb item_padding=\u00a0\u00bb63px 36px 50px 36px\u00a0\u00bb item_padding_1024_1280=\u00a0\u00bb63px 10px 50px 10px\u00a0\u00bb][vc_single_image image=\u00a0\u00bb19&Prime; img_size=\u00a0\u00bbfull\u00a0\u00bb alignment=\u00a0\u00bbcenter\u00a0\u00bb qode_css_animation=\u00a0\u00bb\u00a0\u00bb][vc_empty_space height=\u00a0\u00bb19px\u00a0\u00bb][vc_column_text]<\/p>\n<h3 style=\"text-align: center;\">Produzione<\/h3>\n<p>[\/vc_column_text][vc_empty_space height=\u00a0\u00bb10px\u00a0\u00bb][vc_column_text]<\/p>\n<p style=\"text-align: center;\">Le nostre macchine vengono interamente assemblate dai nostri operatori, la cui esperienza manifatturiera, unita a quella dei collaboratori esterni, garantisce elevati standard qualitativi e rapidit\u00e0 di realizzazione.<\/p>\n<p>[\/vc_column_text][vc_empty_space height=\u00a0\u00bb43px\u00a0\u00bb][\/qode_elements_holder_item][\/qode_elements_holder][vc_empty_space height=\u00a0\u00bb130px\u00a0\u00bb][\/vc_column][vc_column css=\u00a0\u00bb.vc_custom_1582561860575{margin-top: -124px !important;}\u00a0\u00bb offset=\u00a0\u00bbvc_col-lg-4 vc_hidden-lg vc_col-md-12 vc_hidden-md vc_hidden-sm vc_hidden-xs\u00a0\u00bb][qode_elements_holder background_color=\u00a0\u00bb#ffffff\u00a0\u00bb number_of_columns=\u00a0\u00bbone_column\u00a0\u00bb alignment_one_column=\u00a0\u00bbcenter\u00a0\u00bb custom_class=\u00a0\u00bbeh-with-shadow\u00a0\u00bb][qode_elements_holder_item vertical_alignment=\u00a0\u00bbmiddle\u00a0\u00bb horizontal_alignment=\u00a0\u00bbcenter\u00a0\u00bb advanced_animations=\u00a0\u00bbno\u00a0\u00bb item_padding=\u00a0\u00bb63px 36px 50px 36px\u00a0\u00bb item_padding_1024_1280=\u00a0\u00bb63px 10px 50px 10px\u00a0\u00bb][vc_single_image image=\u00a0\u00bb47&Prime; img_size=\u00a0\u00bbfull\u00a0\u00bb alignment=\u00a0\u00bbcenter\u00a0\u00bb qode_css_animation=\u00a0\u00bb\u00a0\u00bb][vc_empty_space height=\u00a0\u00bb19px\u00a0\u00bb][vc_column_text]<\/p>\n<h3 style=\"text-align: center;\">Progettazione<\/h3>\n<p>[\/vc_column_text][vc_empty_space height=\u00a0\u00bb10px\u00a0\u00bb][vc_column_text]<\/p>\n<p style=\"text-align: center;\">Macchine minuziosamente progettate in modo da rispondere al meglio a tutte le Vostre esigenze, grazie alla nostra quarantennale esperienza e continua ricerca di soluzioni innovative e all\u2019avanguardia.<\/p>\n<p>[\/vc_column_text][vc_empty_space height=\u00a0\u00bb43px\u00a0\u00bb][\/qode_elements_holder_item][\/qode_elements_holder][vc_empty_space height=\u00a0\u00bb130px\u00a0\u00bb][\/vc_column][vc_column css=\u00a0\u00bb.vc_custom_1582561839013{margin-top: -124px !important;}\u00a0\u00bb offset=\u00a0\u00bbvc_col-lg-4 vc_hidden-lg vc_col-md-12 vc_hidden-md vc_hidden-sm vc_hidden-xs\u00a0\u00bb][qode_elements_holder background_color=\u00a0\u00bb#ffffff\u00a0\u00bb number_of_columns=\u00a0\u00bbone_column\u00a0\u00bb alignment_one_column=\u00a0\u00bbcenter\u00a0\u00bb custom_class=\u00a0\u00bbeh-with-shadow\u00a0\u00bb][qode_elements_holder_item vertical_alignment=\u00a0\u00bbmiddle\u00a0\u00bb horizontal_alignment=\u00a0\u00bbcenter\u00a0\u00bb advanced_animations=\u00a0\u00bbno\u00a0\u00bb item_padding=\u00a0\u00bb63px 36px 50px 36px\u00a0\u00bb item_padding_1024_1280=\u00a0\u00bb63px 10px 50px 10px\u00a0\u00bb][vc_single_image image=\u00a0\u00bb47&Prime; img_size=\u00a0\u00bbfull\u00a0\u00bb alignment=\u00a0\u00bbcenter\u00a0\u00bb qode_css_animation=\u00a0\u00bb\u00a0\u00bb][vc_empty_space height=\u00a0\u00bb19px\u00a0\u00bb][vc_column_text]<\/p>\n<h3 style=\"text-align: center;\">Realizzazione<\/h3>\n<p>[\/vc_column_text][vc_empty_space height=\u00a0\u00bb10px\u00a0\u00bb][vc_column_text]<\/p>\n<p style=\"text-align: center;\">Lorem ipsum dolor sit amet, consectetur adipiscing elit. Sed malesuada neque et turpis hendrerit, et porta dui efficitur.<\/p>\n<p>[\/vc_column_text][vc_empty_space height=\u00a0\u00bb43px\u00a0\u00bb][\/qode_elements_holder_item][\/qode_elements_holder][vc_empty_space height=\u00a0\u00bb130px\u00a0\u00bb][\/vc_column][\/vc_row][vc_row css_animation=\u00a0\u00bb\u00a0\u00bb row_type=\u00a0\u00bbrow\u00a0\u00bb use_row_as_full_screen_section=\u00a0\u00bbno\u00a0\u00bb type=\u00a0\u00bbgrid\u00a0\u00bb angled_section=\u00a0\u00bbno\u00a0\u00bb text_align=\u00a0\u00bbleft\u00a0\u00bb background_image_as_pattern=\u00a0\u00bbwithout_pattern\u00a0\u00bb z_index=\u00a0\u00bb\u00a0\u00bb css=\u00a0\u00bb.vc_custom_1564046263025{padding-bottom: 50px !important;}\u00a0\u00bb][vc_column offset=\u00a0\u00bbvc_col-lg-6 vc_col-md-12&Prime;][qode_elements_holder number_of_columns=\u00a0\u00bbone_column\u00a0\u00bb][qode_elements_holder_item advanced_animations=\u00a0\u00bbno\u00a0\u00bb item_padding=\u00a0\u00bb5% 17% 24% 0&Prime; item_padding_1024_1280=\u00a0\u00bb0% 0% 24% 0&Prime; item_padding_768_1024=\u00a0\u00bb0% 30% 5% 0&Prime;][vc_column_text]<\/p>\n<h1>Meccanica Rossi<\/h1>\n<h2>depuis 1978<\/h2>\n<p>[\/vc_column_text][vc_empty_space height=\u00a0\u00bb28px\u00a0\u00bb][vc_column_text]<\/p>\n<h4>La recherche de solutions innovantes et la mise \u00e0 jour technologique constante ont contribu\u00e9 \u00e0 faire de notre entreprise un point de r\u00e9f\u00e9rence dans le secteur des machines \u00e0 profil\u00e9.<\/h4>\n<p>[\/vc_column_text][vc_empty_space]<div class=\"q_icon_list\"><i class=\"qode_icon_font_awesome fa fa-check-circle qode-ili-icon-holder circle\" style=\"font-size: 22px;color: #e9242e;background-color: #ffffff;border-color:#ffffff;border-style:solid;border-width:1px;\" ><\/i><p style=\"font-size: 24px;\">Machines \u00e0 profil\u00e9<\/p><\/div><div class=\"q_icon_list\"><i class=\"qode_icon_font_awesome fa fa-check-circle qode-ili-icon-holder circle\" style=\"font-size: 22px;color: #e9242e;background-color: #ffffff;border-color:#ffffff;border-style:solid;border-width:1px;\" ><\/i><p style=\"font-size: 24px;\">S\u00e9ries de rouleaux de formage<\/p><\/div>[vc_empty_space height=\u00a0\u00bb40px\u00a0\u00bb]<a  itemprop=\"url\" href=\"\/chi-siamo\" target=\"_self\"  class=\"qbutton  small center default\" style=\"\">Scopri di pi\u00f9<\/a>[\/qode_elements_holder_item][\/qode_elements_holder][\/vc_column][vc_column offset=\u00a0\u00bbvc_col-lg-6 vc_col-md-12&Prime;][vc_empty_space height=\u00a0\u00bb50px\u00a0\u00bb][vc_single_image image=\u00a0\u00bb672&Prime; img_size=\u00a0\u00bbfull\u00a0\u00bb alignment=\u00a0\u00bbcenter\u00a0\u00bb qode_css_animation=\u00a0\u00bb\u00a0\u00bb][\/vc_column][\/vc_row][vc_row css_animation=\u00a0\u00bb\u00a0\u00bb row_type=\u00a0\u00bbrow\u00a0\u00bb use_row_as_full_screen_section=\u00a0\u00bbno\u00a0\u00bb type=\u00a0\u00bbgrid\u00a0\u00bb angled_section=\u00a0\u00bbno\u00a0\u00bb text_align=\u00a0\u00bbcenter\u00a0\u00bb background_image_as_pattern=\u00a0\u00bbwithout_pattern\u00a0\u00bb z_index=\u00a0\u00bb\u00a0\u00bb css=\u00a0\u00bb.vc_custom_1564046198462{padding-top: 50px !important;padding-bottom: 50px !important;}\u00a0\u00bb][vc_column][vc_column_text]<\/p>\n<h1><span class='highlight' style='color: #222222; background-color:transparent;'>Bienvenue <\/span> chez Meccanica Rossi<\/h1>\n<p>[\/vc_column_text][vc_empty_space height=\u00a0\u00bb25px\u00a0\u00bb][vc_video link=\u00a0\u00bbhttps:\/\/www.youtube.com\/watch?v=vl3eTbPyPes\u00a0\u00bb][\/vc_column][\/vc_row][vc_row css_animation=\u00a0\u00bb\u00a0\u00bb row_type=\u00a0\u00bbrow\u00a0\u00bb use_row_as_full_screen_section=\u00a0\u00bbno\u00a0\u00bb type=\u00a0\u00bbgrid\u00a0\u00bb angled_section=\u00a0\u00bbno\u00a0\u00bb text_align=\u00a0\u00bbcenter\u00a0\u00bb background_image_as_pattern=\u00a0\u00bbwithout_pattern\u00a0\u00bb z_index=\u00a0\u00bb\u00a0\u00bb css=\u00a0\u00bb.vc_custom_1564046224268{padding-top: 50px !important;}\u00a0\u00bb][vc_column][vc_column_text]<\/p>\n<h1>Nos <span class='highlight' style='color: #222222; background-color:transparent;'>machines <\/span><\/h1>\n<p>[\/vc_column_text][vc_empty_space height=\u00a0\u00bb25px\u00a0\u00bb][qode_elements_holder number_of_columns=\u00a0\u00bbone_column\u00a0\u00bb][qode_elements_holder_item advanced_animations=\u00a0\u00bbno\u00a0\u00bb item_padding=\u00a0\u00bb0 22% 0 22%\u00a0\u00bb item_padding_768_1024=\u00a0\u00bb0 16% 0 16%\u00a0\u00bb item_padding_480=\u00a0\u00bb0 0% 0 0%\u00a0\u00bb][vc_column_text]<\/p>\n<h4>Quelques exemples de notre production<\/h4>\n<p>[\/vc_column_text][\/qode_elements_holder_item][\/qode_elements_holder][\/vc_column][\/vc_row][vc_row css_animation=\u00a0\u00bb\u00a0\u00bb row_type=\u00a0\u00bbrow\u00a0\u00bb use_row_as_full_screen_section=\u00a0\u00bbno\u00a0\u00bb type=\u00a0\u00bbgrid\u00a0\u00bb angled_section=\u00a0\u00bbno\u00a0\u00bb text_align=\u00a0\u00bbleft\u00a0\u00bb background_image_as_pattern=\u00a0\u00bbwithout_pattern\u00a0\u00bb z_index=\u00a0\u00bb\u00a0\u00bb css=\u00a0\u00bb.vc_custom_1564046238983{padding-bottom: 68px !important;}\u00a0\u00bb][vc_column offset=\u00a0\u00bbvc_col-lg-4 vc_col-md-4&Prime;][vc_single_image image=\u00a0\u00bb673&Prime; img_size=\u00a0\u00bbfull\u00a0\u00bb qode_css_animation=\u00a0\u00bb\u00a0\u00bb][vc_empty_space height=\u00a0\u00bb17px\u00a0\u00bb][vc_column_text]<\/p>\n<h3>D\u00c9VIDOIR MOTORIS\u00c9 MRM-312<\/h3>\n<p>[\/vc_column_text][vc_empty_space height=\u00a0\u00bb8px\u00a0\u00bb][vc_column_text]D\u00c9VIDOIR POUR LE CHARGEMENT DE BOBINES DE T\u00d4LE AVEC MOTEUR \u00c9LECTRIQUE:<\/p>\n<ul>\n<li>vitesse variable<\/li>\n<li>capacit\u00e9 de charge : 1 200 kg<\/li>\n<li>diam\u00e8tre ext\u00e9rieur maximal de la bobine : 1 400 mm<\/li>\n<li>largeur maximale de la bande : 400 mm<\/li>\n<\/ul>\n<p>[\/vc_column_text][vc_empty_space][\/vc_column][vc_column offset=\u00a0\u00bbvc_col-lg-4 vc_col-md-4&Prime;][vc_single_image image=\u00a0\u00bb674&Prime; img_size=\u00a0\u00bbfull\u00a0\u00bb qode_css_animation=\u00a0\u00bb\u00a0\u00bb][vc_empty_space height=\u00a0\u00bb17px\u00a0\u00bb][vc_column_text]<\/p>\n<h3>NR9\/400<\/h3>\n<p>[\/vc_column_text][vc_empty_space height=\u00a0\u00bb8px\u00a0\u00bb][vc_column_text]MACHINE \u00c0 PROFIL\u00c9 POUR VOLETS ROULANTS NR 9\/400<\/p>\n<ul>\n<li>Ch\u00e2ssis en acier soud\u00e9 et rabot\u00e9 avec rainure pour l&rsquo;alignement des montants de transmission<\/li>\n<li>Avec surface de travail usin\u00e9e et allong\u00e9e pour le montage des outils de profilage en ligne<\/li>\n<\/ul>\n<p>[\/vc_column_text][vc_empty_space][\/vc_column][vc_column offset=\u00a0\u00bbvc_col-lg-4 vc_col-md-4&Prime;][vc_single_image image=\u00a0\u00bb675&Prime; img_size=\u00a0\u00bbfull\u00a0\u00bb qode_css_animation=\u00a0\u00bb\u00a0\u00bb][vc_empty_space height=\u00a0\u00bb17px\u00a0\u00bb][vc_column_text]<\/p>\n<h3>NRP MF AVEC MICROPERFORATION<\/h3>\n<p>[\/vc_column_text][vc_empty_space height=\u00a0\u00bb8px\u00a0\u00bb][vc_column_text]MACHINE \u00c0 PROFIL\u00c9 8 PASSAGES AVEC MONTANTS EN FONTE, TRANSMISSION \u00c0 BAIN D&rsquo;HUILE ET MOTOR\u00c9DUCTEUR AVEC MOTEUR SANS BALAIS :<\/p>\n<ul>\n<li>Microperforation int\u00e9gr\u00e9e R4T6-R2,5\/T4<\/li>\n<li>Configurable avec trois s\u00e9ries de rouleaux pour volets roulants<\/li>\n<li>Vitesse de production maximale : 30 m\/min<\/li>\n<li>Installation hydraulique \u00e0 haute efficacit\u00e9 avec \u00e9changeur de chaleur<\/li>\n<li>Ordinateur CNC 104 WIFI 10&Prime; \u00e9cran tactile avec logiciel de gestion de la machine et cr\u00e9ation de logos ou autres motifs par microperforation<\/li>\n<li>Possibilit\u00e9 de traitements interm\u00e9diaires automatiques<\/li>\n<\/ul>\n<p>[\/vc_column_text][vc_empty_space][\/vc_column][\/vc_row][vc_row css_animation=\u00a0\u00bb\u00a0\u00bb row_type=\u00a0\u00bbrow\u00a0\u00bb use_row_as_full_screen_section=\u00a0\u00bbno\u00a0\u00bb type=\u00a0\u00bbgrid\u00a0\u00bb angled_section=\u00a0\u00bbno\u00a0\u00bb text_align=\u00a0\u00bbleft\u00a0\u00bb background_image_as_pattern=\u00a0\u00bbwithout_pattern\u00a0\u00bb z_index=\u00a0\u00bb\u00a0\u00bb css=\u00a0\u00bb.vc_custom_1595512324225{padding-bottom: 68px !important;}\u00a0\u00bb el_class=\u00a0\u00bbhidrow\u00a0\u00bb][vc_column offset=\u00a0\u00bbvc_col-lg-4 vc_col-md-4&Prime;][vc_single_image image=\u00a0\u00bb673&Prime; img_size=\u00a0\u00bbfull\u00a0\u00bb qode_css_animation=\u00a0\u00bb\u00a0\u00bb][vc_empty_space height=\u00a0\u00bb17px\u00a0\u00bb][vc_column_text]<\/p>\n<h3>Micronastro<\/h3>\n<p>[\/vc_column_text][vc_empty_space height=\u00a0\u00bb8px\u00a0\u00bb][vc_column_text]GYPSUM PARTITION &#8211; N8 COMBINED PROFILES<\/p>\n<ul>\n<li>Stud + runner with adjustable base<\/li>\n<li>Ceiling &amp; angular<\/li>\n<li>N8 profiles without dismounting (3 stud + 3 runner + ceiling angular)<\/li>\n<li>Micro-points &amp; auto. punching \u201cH\u201d<\/li>\n<\/ul>\n<p>[\/vc_column_text][vc_empty_space]<a  itemprop=\"url\" href=\"#\" target=\"_self\"  class=\"qbutton  small center default\" style=\"\">Scopri di pi\u00f9<\/a>[vc_empty_space height=\u00a0\u00bb50px\u00a0\u00bb][\/vc_column][vc_column offset=\u00a0\u00bbvc_col-lg-4 vc_col-md-4&Prime;][vc_single_image image=\u00a0\u00bb676&Prime; img_size=\u00a0\u00bbfull\u00a0\u00bb qode_css_animation=\u00a0\u00bb\u00a0\u00bb][vc_empty_space height=\u00a0\u00bb17px\u00a0\u00bb][vc_column_text]<\/p>\n<h3>NR9<\/h3>\n<p>[\/vc_column_text][vc_empty_space height=\u00a0\u00bb8px\u00a0\u00bb][vc_column_text]GYPSUM PARTITION &#8211; N8 COMBINED PROFILES<\/p>\n<ul>\n<li>Stud + runner with adjustable base<\/li>\n<li>Ceiling &amp; angular<\/li>\n<li>N8 profiles without dismounting (3 stud + 3 runner + ceiling angular)<\/li>\n<li>Micro-points &amp; auto. punching \u201cH\u201d<\/li>\n<\/ul>\n<p>[\/vc_column_text][vc_empty_space]<a  itemprop=\"url\" href=\"#\" target=\"_self\"  class=\"qbutton  small center default\" style=\"\">Scopri di pi\u00f9<\/a>[vc_empty_space height=\u00a0\u00bb50px\u00a0\u00bb][\/vc_column][vc_column offset=\u00a0\u00bbvc_col-lg-4 vc_col-md-4&Prime;][vc_single_image image=\u00a0\u00bb677&Prime; img_size=\u00a0\u00bbfull\u00a0\u00bb qode_css_animation=\u00a0\u00bb\u00a0\u00bb][vc_empty_space height=\u00a0\u00bb17px\u00a0\u00bb][vc_column_text]<\/p>\n<h3>NRP Asola<\/h3>\n<p>[\/vc_column_text][vc_empty_space height=\u00a0\u00bb8px\u00a0\u00bb][vc_column_text]GYPSUM PARTITION &#8211; N8 COMBINED PROFILES<\/p>\n<ul>\n<li>Stud + runner with adjustable base<\/li>\n<li>Ceiling &amp; angular<\/li>\n<li>N8 profiles without dismounting (3 stud + 3 runner + ceiling angular)<\/li>\n<li>Micro-points &amp; auto. punching \u201cH\u201d<\/li>\n<\/ul>\n<p>[\/vc_column_text][vc_empty_space]<a  itemprop=\"url\" href=\"#\" target=\"_self\"  class=\"qbutton  small center default\" style=\"\">Scopri di pi\u00f9<\/a>[vc_empty_space height=\u00a0\u00bb50px\u00a0\u00bb][\/vc_column][\/vc_row][vc_row css_animation=\u00a0\u00bb\u00a0\u00bb row_type=\u00a0\u00bbrow\u00a0\u00bb use_row_as_full_screen_section=\u00a0\u00bbno\u00a0\u00bb type=\u00a0\u00bbfull_width\u00a0\u00bb angled_section=\u00a0\u00bbno\u00a0\u00bb text_align=\u00a0\u00bbleft\u00a0\u00bb background_image_as_pattern=\u00a0\u00bbwithout_pattern\u00a0\u00bb][vc_column][vc_empty_space height=\u00a0\u00bb132px\u00a0\u00bb][\/vc_column][\/vc_row][vc_row css_animation=\u00a0\u00bb\u00a0\u00bb row_type=\u00a0\u00bbrow\u00a0\u00bb use_row_as_full_screen_section=\u00a0\u00bbno\u00a0\u00bb type=\u00a0\u00bbfull_width\u00a0\u00bb angled_section=\u00a0\u00bbno\u00a0\u00bb text_align=\u00a0\u00bbleft\u00a0\u00bb background_image_as_pattern=\u00a0\u00bbwithout_pattern\u00a0\u00bb][vc_column]<div class=\"call_to_action with_icon\" style=\"background-color: #e9242e;padding-top: 55px;padding-bottom: 55px;\"><div class=\"container_inner\"><div class=\"two_columns_75_25 clearfix\"><div class=\"text_wrapper column1\"><div class=\"call_to_action_icon_holder\"><div class=\"call_to_action_icon\"><div class=\"call_to_action_icon_inner\"><img decoding=\"async\" itemprop=\"image\" src=\"https:\/\/www.meccanicarossi.com\/wp-content\/uploads\/2019\/07\/gear2.png\" alt=\"\"><\/div><\/div><\/div><div class=\"call_to_action_text \" style=\"\">\n<h3><span style=\"color: #ffffff;\">Chiamaci subito per ricevere un preventivo completo!<\/span><\/h3>\n<\/div><\/div><div class=\"button_wrapper column2\"><a itemprop=\"url\" href=\"\/contatti\" class=\"qbutton white large\" target=\"_self\" style=\"color: #222222;border-color: #ffffff;background-color: #ffffff;\"data-hover-background-color=rgba(255,255,255,0.95) data-hover-border-color=rgba(255,255,255,0.95) data-hover-color=#dd3333>Contattaci<\/a><\/div><\/div><\/div><\/div>[\/vc_column][\/vc_row]<\/p>\n","protected":false},"excerpt":{"rendered":"<p>[vc_row css_animation=\u00a0\u00bb\u00a0\u00bb row_type=\u00a0\u00bbrow\u00a0\u00bb use_row_as_full_screen_section=\u00a0\u00bbno\u00a0\u00bb type=\u00a0\u00bbgrid\u00a0\u00bb angled_section=\u00a0\u00bbno\u00a0\u00bb text_align=\u00a0\u00bbcenter\u00a0\u00bb background_image_as_pattern=\u00a0\u00bbwithout_pattern\u00a0\u00bb z_index=\u00a0\u00bb\u00a0\u00bb][vc_column width=\u00a0\u00bb1\/2&Prime; css=\u00a0\u00bb.vc_custom_1582562396762{margin-top: -124px !important;}\u00a0\u00bb][qode_elements_holder background_color=\u00a0\u00bb#ffffff\u00a0\u00bb number_of_columns=\u00a0\u00bbone_column\u00a0\u00bb alignment_one_column=\u00a0\u00bbcenter\u00a0\u00bb custom_class=\u00a0\u00bbeh-with-shadow\u00a0\u00bb][qode_elements_holder_item vertical_alignment=\u00a0\u00bbmiddle\u00a0\u00bb horizontal_alignment=\u00a0\u00bbcenter\u00a0\u00bb advanced_animations=\u00a0\u00bbno\u00a0\u00bb item_padding=\u00a0\u00bb63px 36px 50px 36px\u00a0\u00bb item_padding_1024_1280=\u00a0\u00bb63px 36px 50px 36px\u00a0\u00bb][vc_empty_space height=\u00a0\u00bb19px\u00a0\u00bb][vc_column_text] Production [\/vc_column_text][vc_empty_space height=\u00a0\u00bb10px\u00a0\u00bb][vc_column_text] Nos machines sont enti\u00e8rement assembl\u00e9es par nos op\u00e9rateurs, dont l&rsquo;exp\u00e9rience en fabrication, combin\u00e9e&#8230;<\/p>\n","protected":false},"author":1,"featured_media":0,"parent":0,"menu_order":0,"comment_status":"closed","ping_status":"closed","template":"full_width.php","meta":{"footnotes":""},"class_list":["post-678","page","type-page","status-publish","hentry"],"_links":{"self":[{"href":"https:\/\/www.meccanicarossi.com\/fr\/wp-json\/wp\/v2\/pages\/678","targetHints":{"allow":["GET"]}}],"collection":[{"href":"https:\/\/www.meccanicarossi.com\/fr\/wp-json\/wp\/v2\/pages"}],"about":[{"href":"https:\/\/www.meccanicarossi.com\/fr\/wp-json\/wp\/v2\/types\/page"}],"author":[{"embeddable":true,"href":"https:\/\/www.meccanicarossi.com\/fr\/wp-json\/wp\/v2\/users\/1"}],"replies":[{"embeddable":true,"href":"https:\/\/www.meccanicarossi.com\/fr\/wp-json\/wp\/v2\/comments?post=678"}],"version-history":[{"count":4,"href":"https:\/\/www.meccanicarossi.com\/fr\/wp-json\/wp\/v2\/pages\/678\/revisions"}],"predecessor-version":[{"id":711,"href":"https:\/\/www.meccanicarossi.com\/fr\/wp-json\/wp\/v2\/pages\/678\/revisions\/711"}],"wp:attachment":[{"href":"https:\/\/www.meccanicarossi.com\/fr\/wp-json\/wp\/v2\/media?parent=678"}],"curies":[{"name":"wp","href":"https:\/\/api.w.org\/{rel}","templated":true}]}}