{"id":734,"date":"2017-12-04T11:07:39","date_gmt":"2017-12-04T10:07:39","guid":{"rendered":"https:\/\/www.meccanicarossi.com\/?page_id=734"},"modified":"2026-05-13T15:06:31","modified_gmt":"2026-05-13T13:06:31","slug":"quienes-somos","status":"publish","type":"page","link":"https:\/\/www.meccanicarossi.com\/es\/quienes-somos\/","title":{"rendered":"Qui\u00e9nes somos"},"content":{"rendered":"<p>[vc_row css_animation=\u00bb\u00bb row_type=\u00bbrow\u00bb use_row_as_full_screen_section=\u00bbno\u00bb type=\u00bbgrid\u00bb angled_section=\u00bbno\u00bb text_align=\u00bbleft\u00bb background_image_as_pattern=\u00bbwithout_pattern\u00bb z_index=\u00bb\u00bb css=\u00bb.vc_custom_1512388758522{padding-top: 153px !important;padding-bottom: 41px !important;}\u00bb][vc_column offset=\u00bbvc_col-lg-4 vc_col-md-4&#8243;][vc_single_image image=\u00bb704&#8243; img_size=\u00bbfull\u00bb qode_css_animation=\u00bb\u00bb][vc_empty_space height=\u00bb17px\u00bb][vc_column_text]<\/p>\n<h3>SOLUCIONES INNOVADORAS<\/h3>\n<p>[\/vc_column_text][vc_empty_space height=\u00bb8px\u00bb][vc_column_text]La b\u00fasqueda de soluciones innovadoras y la constante actualizaci\u00f3n tecnol\u00f3gica han contribuido a hacer de nuestra empresa un punto de referencia en el sector de las m\u00e1quinas perfiladoras.[\/vc_column_text][vc_empty_space height=\u00bb50px\u00bb][\/vc_column][vc_column offset=\u00bbvc_col-lg-4 vc_col-md-4&#8243;][vc_single_image image=\u00bb705&#8243; img_size=\u00bbfull\u00bb qode_css_animation=\u00bb\u00bb][vc_empty_space height=\u00bb17px\u00bb][vc_column_text]<\/p>\n<h3><strong>CONTROL DE CALIDAD<\/strong><\/h3>\n<p>[\/vc_column_text][vc_empty_space height=\u00bb8px\u00bb][vc_column_text]Junto a nuestro compromiso, hemos desarrollado un know-how que nos garantiza un perfecto control de calidad y una alineaci\u00f3n con los est\u00e1ndares de certificaci\u00f3n europeos. La producci\u00f3n, desde el dise\u00f1o hasta la realizaci\u00f3n, es llevada a cabo por t\u00e9cnicos especializados con el apoyo de los sistemas de dise\u00f1o y fabricaci\u00f3n m\u00e1s modernos, para garantizar siempre un elevado est\u00e1ndar cualitativo.[\/vc_column_text][vc_empty_space height=\u00bb50px\u00bb][\/vc_column][vc_column offset=\u00bbvc_col-lg-4 vc_col-md-4&#8243;][vc_single_image image=\u00bb706&#8243; img_size=\u00bbfull\u00bb qode_css_animation=\u00bb\u00bb][vc_empty_space height=\u00bb17px\u00bb][vc_column_text]<\/p>\n<h3>S\u00c9RIEUX ET COMP\u00c9TENCE<\/h3>\n<p>[\/vc_column_text][vc_empty_space height=\u00bb8px\u00bb][vc_column_text]El cuidado con el que se ejecutan todas las fases de la realizaci\u00f3n y la asistencia ofrecida a la clientela contribuyen a hacernos un punto de referencia presente y futuro, tanto en la fase de proyecto como en la asistencia t\u00e9cnica postventa. La seriedad y la competencia han contribuido a expandir nuestros productos en todos los mercados, como demostraci\u00f3n de una calidad y fiabilidad que se puede encontrar en numerosas aplicaciones.[\/vc_column_text][vc_empty_space height=\u00bb50px\u00bb][\/vc_column][\/vc_row][vc_row css_animation=\u00bb\u00bb row_type=\u00bbrow\u00bb use_row_as_full_screen_section=\u00bbno\u00bb type=\u00bbfull_width\u00bb angled_section=\u00bbno\u00bb text_align=\u00bbleft\u00bb background_image_as_pattern=\u00bbwithout_pattern\u00bb][vc_column]<div class=\"call_to_action with_icon\" style=\"background-color: #e9242e;padding-top: 55px;padding-bottom: 55px;\"><div class=\"container_inner\"><div class=\"two_columns_75_25 clearfix\"><div class=\"text_wrapper column1\"><div class=\"call_to_action_icon_holder\"><div class=\"call_to_action_icon\"><div class=\"call_to_action_icon_inner\"><img decoding=\"async\" itemprop=\"image\" src=\"https:\/\/www.meccanicarossi.com\/wp-content\/uploads\/2019\/07\/gear2.png\" alt=\"\"><\/div><\/div><\/div><div class=\"call_to_action_text \" style=\"\">\n<h3><span style=\"color: #ffffff;\">Chiamaci subito per ricevere un preventivo completo!<\/span><\/h3>\n<\/div><\/div><div class=\"button_wrapper column2\"><a itemprop=\"url\" href=\"\/contatti\" class=\"qbutton white large\" target=\"_self\" style=\"color: #222222;border-color: #ffffff;background-color: #ffffff;\"data-hover-background-color=rgba(255,255,255,0.95) data-hover-border-color=rgba(255,255,255,0.95) data-hover-color=#dd3333>Contattaci<\/a><\/div><\/div><\/div><\/div>[\/vc_column][\/vc_row]<\/p>\n","protected":false},"excerpt":{"rendered":"<p>[vc_row css_animation=\u00bb\u00bb row_type=\u00bbrow\u00bb use_row_as_full_screen_section=\u00bbno\u00bb type=\u00bbgrid\u00bb angled_section=\u00bbno\u00bb text_align=\u00bbleft\u00bb background_image_as_pattern=\u00bbwithout_pattern\u00bb z_index=\u00bb\u00bb css=\u00bb.vc_custom_1512388758522{padding-top: 153px !important;padding-bottom: 41px !important;}\u00bb][vc_column offset=\u00bbvc_col-lg-4 vc_col-md-4&#8243;][vc_single_image image=\u00bb704&#8243; img_size=\u00bbfull\u00bb qode_css_animation=\u00bb\u00bb][vc_empty_space height=\u00bb17px\u00bb][vc_column_text] SOLUCIONES INNOVADORAS [\/vc_column_text][vc_empty_space height=\u00bb8px\u00bb][vc_column_text]La b\u00fasqueda de soluciones innovadoras y la constante actualizaci\u00f3n tecnol\u00f3gica han contribuido a hacer de nuestra empresa un punto de referencia en&#8230;<\/p>\n","protected":false},"author":1,"featured_media":0,"parent":0,"menu_order":0,"comment_status":"closed","ping_status":"closed","template":"full_width.php","meta":{"footnotes":""},"class_list":["post-734","page","type-page","status-publish","hentry"],"_links":{"self":[{"href":"https:\/\/www.meccanicarossi.com\/es\/wp-json\/wp\/v2\/pages\/734","targetHints":{"allow":["GET"]}}],"collection":[{"href":"https:\/\/www.meccanicarossi.com\/es\/wp-json\/wp\/v2\/pages"}],"about":[{"href":"https:\/\/www.meccanicarossi.com\/es\/wp-json\/wp\/v2\/types\/page"}],"author":[{"embeddable":true,"href":"https:\/\/www.meccanicarossi.com\/es\/wp-json\/wp\/v2\/users\/1"}],"replies":[{"embeddable":true,"href":"https:\/\/www.meccanicarossi.com\/es\/wp-json\/wp\/v2\/comments?post=734"}],"version-history":[{"count":3,"href":"https:\/\/www.meccanicarossi.com\/es\/wp-json\/wp\/v2\/pages\/734\/revisions"}],"predecessor-version":[{"id":741,"href":"https:\/\/www.meccanicarossi.com\/es\/wp-json\/wp\/v2\/pages\/734\/revisions\/741"}],"wp:attachment":[{"href":"https:\/\/www.meccanicarossi.com\/es\/wp-json\/wp\/v2\/media?parent=734"}],"curies":[{"name":"wp","href":"https:\/\/api.w.org\/{rel}","templated":true}]}}