{"id":730,"date":"2017-11-29T09:22:50","date_gmt":"2017-11-29T08:22:50","guid":{"rendered":"https:\/\/www.meccanicarossi.com\/?page_id=730"},"modified":"2026-05-13T15:03:52","modified_gmt":"2026-05-13T13:03:52","slug":"home","status":"publish","type":"page","link":"https:\/\/www.meccanicarossi.com\/es\/home\/","title":{"rendered":"Home"},"content":{"rendered":"<p>[vc_row css_animation=\u00bb\u00bb row_type=\u00bbrow\u00bb use_row_as_full_screen_section=\u00bbno\u00bb type=\u00bbgrid\u00bb angled_section=\u00bbno\u00bb text_align=\u00bbcenter\u00bb background_image_as_pattern=\u00bbwithout_pattern\u00bb z_index=\u00bb\u00bb][vc_column width=\u00bb1\/2&#8243; css=\u00bb.vc_custom_1582562396762{margin-top: -124px !important;}\u00bb][qode_elements_holder background_color=\u00bb#ffffff\u00bb number_of_columns=\u00bbone_column\u00bb alignment_one_column=\u00bbcenter\u00bb custom_class=\u00bbeh-with-shadow\u00bb][qode_elements_holder_item vertical_alignment=\u00bbmiddle\u00bb horizontal_alignment=\u00bbcenter\u00bb advanced_animations=\u00bbno\u00bb item_padding=\u00bb63px 36px 50px 36px\u00bb item_padding_1024_1280=\u00bb63px 36px 50px 36px\u00bb][vc_empty_space height=\u00bb19px\u00bb][vc_column_text]<\/p>\n<h3 style=\"text-align: center;\">Producci\u00f3n<\/h3>\n<p>[\/vc_column_text][vc_empty_space height=\u00bb10px\u00bb][vc_column_text]<\/p>\n<p style=\"text-align: center;\">Le nostre macchine vengono interamente assemblate dai nostri operatori, la cui esperienza manifatturiera, unita a quella dei collaboratori esterni, garantisce elevati standard qualitativi e rapidit\u00e0 di realizzazione.<\/p>\n<p>[\/vc_column_text][vc_empty_space height=\u00bb43px\u00bb][\/qode_elements_holder_item][\/qode_elements_holder][vc_empty_space height=\u00bb130px\u00bb][\/vc_column][vc_column width=\u00bb1\/2&#8243; css=\u00bb.vc_custom_1582562402671{margin-top: -124px !important;}\u00bb][qode_elements_holder background_color=\u00bb#ffffff\u00bb number_of_columns=\u00bbone_column\u00bb alignment_one_column=\u00bbcenter\u00bb custom_class=\u00bbeh-with-shadow\u00bb][qode_elements_holder_item vertical_alignment=\u00bbmiddle\u00bb horizontal_alignment=\u00bbcenter\u00bb advanced_animations=\u00bbno\u00bb item_padding=\u00bb63px 36px 50px 36px\u00bb item_padding_1024_1280=\u00bb63px 36px 50px 36px\u00bb][vc_empty_space height=\u00bb10px\u00bb][vc_single_image image=\u00bb47&#8243; img_size=\u00bbfull\u00bb alignment=\u00bbcenter\u00bb qode_css_animation=\u00bb\u00bb][vc_column_text]<\/p>\n<h3 style=\"text-align: center;\">Dise\u00f1o<\/h3>\n<p>[\/vc_column_text][vc_empty_space height=\u00bb19px\u00bb][vc_column_text]<\/p>\n<p style=\"text-align: center;\">M\u00e1quinas minuciosamente dise\u00f1adas para responder de la mejor manera a todas sus necesidades, gracias a nuestra experiencia de cuarenta a\u00f1os y a la b\u00fasqueda continua de soluciones innovadoras y de vanguardia.<\/p>\n<p>[\/vc_column_text][vc_empty_space height=\u00bb43px\u00bb][\/qode_elements_holder_item][\/qode_elements_holder][vc_empty_space height=\u00bb130px\u00bb][\/vc_column][\/vc_row][vc_row css_animation=\u00bb\u00bb row_type=\u00bbrow\u00bb use_row_as_full_screen_section=\u00bbno\u00bb type=\u00bbgrid\u00bb angled_section=\u00bbno\u00bb text_align=\u00bbcenter\u00bb background_image_as_pattern=\u00bbwithout_pattern\u00bb z_index=\u00bb\u00bb][vc_column css=\u00bb.vc_custom_1582562239991{margin-top: -124px !important;}\u00bb offset=\u00bbvc_col-lg-4 vc_hidden-lg vc_col-md-12 vc_hidden-md vc_hidden-sm vc_hidden-xs\u00bb][qode_elements_holder background_color=\u00bb#ffffff\u00bb number_of_columns=\u00bbone_column\u00bb alignment_one_column=\u00bbcenter\u00bb custom_class=\u00bbeh-with-shadow\u00bb][qode_elements_holder_item vertical_alignment=\u00bbmiddle\u00bb horizontal_alignment=\u00bbcenter\u00bb advanced_animations=\u00bbno\u00bb item_padding=\u00bb63px 36px 50px 36px\u00bb item_padding_1024_1280=\u00bb63px 10px 50px 10px\u00bb][vc_single_image image=\u00bb19&#8243; img_size=\u00bbfull\u00bb alignment=\u00bbcenter\u00bb qode_css_animation=\u00bb\u00bb][vc_empty_space height=\u00bb19px\u00bb][vc_column_text]<\/p>\n<h3 style=\"text-align: center;\">Produzione<\/h3>\n<p>[\/vc_column_text][vc_empty_space height=\u00bb10px\u00bb][vc_column_text]<\/p>\n<p style=\"text-align: center;\">Le nostre macchine vengono interamente assemblate dai nostri operatori, la cui esperienza manifatturiera, unita a quella dei collaboratori esterni, garantisce elevati standard qualitativi e rapidit\u00e0 di realizzazione.<\/p>\n<p>[\/vc_column_text][vc_empty_space height=\u00bb43px\u00bb][\/qode_elements_holder_item][\/qode_elements_holder][vc_empty_space height=\u00bb130px\u00bb][\/vc_column][vc_column css=\u00bb.vc_custom_1582561860575{margin-top: -124px !important;}\u00bb offset=\u00bbvc_col-lg-4 vc_hidden-lg vc_col-md-12 vc_hidden-md vc_hidden-sm vc_hidden-xs\u00bb][qode_elements_holder background_color=\u00bb#ffffff\u00bb number_of_columns=\u00bbone_column\u00bb alignment_one_column=\u00bbcenter\u00bb custom_class=\u00bbeh-with-shadow\u00bb][qode_elements_holder_item vertical_alignment=\u00bbmiddle\u00bb horizontal_alignment=\u00bbcenter\u00bb advanced_animations=\u00bbno\u00bb item_padding=\u00bb63px 36px 50px 36px\u00bb item_padding_1024_1280=\u00bb63px 10px 50px 10px\u00bb][vc_single_image image=\u00bb47&#8243; img_size=\u00bbfull\u00bb alignment=\u00bbcenter\u00bb qode_css_animation=\u00bb\u00bb][vc_empty_space height=\u00bb19px\u00bb][vc_column_text]<\/p>\n<h3 style=\"text-align: center;\">Progettazione<\/h3>\n<p>[\/vc_column_text][vc_empty_space height=\u00bb10px\u00bb][vc_column_text]<\/p>\n<p style=\"text-align: center;\">Macchine minuziosamente progettate in modo da rispondere al meglio a tutte le Vostre esigenze, grazie alla nostra quarantennale esperienza e continua ricerca di soluzioni innovative e all\u2019avanguardia.<\/p>\n<p>[\/vc_column_text][vc_empty_space height=\u00bb43px\u00bb][\/qode_elements_holder_item][\/qode_elements_holder][vc_empty_space height=\u00bb130px\u00bb][\/vc_column][vc_column css=\u00bb.vc_custom_1582561839013{margin-top: -124px !important;}\u00bb offset=\u00bbvc_col-lg-4 vc_hidden-lg vc_col-md-12 vc_hidden-md vc_hidden-sm vc_hidden-xs\u00bb][qode_elements_holder background_color=\u00bb#ffffff\u00bb number_of_columns=\u00bbone_column\u00bb alignment_one_column=\u00bbcenter\u00bb custom_class=\u00bbeh-with-shadow\u00bb][qode_elements_holder_item vertical_alignment=\u00bbmiddle\u00bb horizontal_alignment=\u00bbcenter\u00bb advanced_animations=\u00bbno\u00bb item_padding=\u00bb63px 36px 50px 36px\u00bb item_padding_1024_1280=\u00bb63px 10px 50px 10px\u00bb][vc_single_image image=\u00bb47&#8243; img_size=\u00bbfull\u00bb alignment=\u00bbcenter\u00bb qode_css_animation=\u00bb\u00bb][vc_empty_space height=\u00bb19px\u00bb][vc_column_text]<\/p>\n<h3 style=\"text-align: center;\">Realizzazione<\/h3>\n<p>[\/vc_column_text][vc_empty_space height=\u00bb10px\u00bb][vc_column_text]<\/p>\n<p style=\"text-align: center;\">Lorem ipsum dolor sit amet, consectetur adipiscing elit. Sed malesuada neque et turpis hendrerit, et porta dui efficitur.<\/p>\n<p>[\/vc_column_text][vc_empty_space height=\u00bb43px\u00bb][\/qode_elements_holder_item][\/qode_elements_holder][vc_empty_space height=\u00bb130px\u00bb][\/vc_column][\/vc_row][vc_row css_animation=\u00bb\u00bb row_type=\u00bbrow\u00bb use_row_as_full_screen_section=\u00bbno\u00bb type=\u00bbgrid\u00bb angled_section=\u00bbno\u00bb text_align=\u00bbleft\u00bb background_image_as_pattern=\u00bbwithout_pattern\u00bb z_index=\u00bb\u00bb css=\u00bb.vc_custom_1564046263025{padding-bottom: 50px !important;}\u00bb][vc_column offset=\u00bbvc_col-lg-6 vc_col-md-12&#8243;][qode_elements_holder number_of_columns=\u00bbone_column\u00bb][qode_elements_holder_item advanced_animations=\u00bbno\u00bb item_padding=\u00bb5% 17% 24% 0&#8243; item_padding_1024_1280=\u00bb0% 0% 24% 0&#8243; item_padding_768_1024=\u00bb0% 30% 5% 0&#8243;][vc_column_text]<\/p>\n<h1>Meccanica Rossi<\/h1>\n<h2>desde 1978<\/h2>\n<p>[\/vc_column_text][vc_empty_space height=\u00bb28px\u00bb][vc_column_text]<\/p>\n<h4>La b\u00fasqueda de soluciones innovadoras y la constante actualizaci\u00f3n tecnol\u00f3gica han contribuido a hacer de nuestra empresa un punto de referencia en el sector de las m\u00e1quinas perfiladoras.<\/h4>\n<p>[\/vc_column_text][vc_empty_space]<div class=\"q_icon_list\"><i class=\"qode_icon_font_awesome fa fa-check-circle qode-ili-icon-holder circle\" style=\"font-size: 22px;color: #e9242e;background-color: #ffffff;border-color:#ffffff;border-style:solid;border-width:1px;\" ><\/i><p style=\"font-size: 24px;\">M\u00e1quinas perfiladoras<\/p><\/div><div class=\"q_icon_list\"><i class=\"qode_icon_font_awesome fa fa-check-circle qode-ili-icon-holder circle\" style=\"font-size: 22px;color: #e9242e;background-color: #ffffff;border-color:#ffffff;border-style:solid;border-width:1px;\" ><\/i><p style=\"font-size: 24px;\">Series de rodillos conformadores<\/p><\/div>[vc_empty_space height=\u00bb40px\u00bb]<a  itemprop=\"url\" href=\"\/chi-siamo\" target=\"_self\"  class=\"qbutton  small center default\" style=\"\">Scopri di pi\u00f9<\/a>[\/qode_elements_holder_item][\/qode_elements_holder][\/vc_column][vc_column offset=\u00bbvc_col-lg-6 vc_col-md-12&#8243;][vc_empty_space height=\u00bb50px\u00bb][vc_single_image image=\u00bb712&#8243; img_size=\u00bbfull\u00bb alignment=\u00bbcenter\u00bb qode_css_animation=\u00bb\u00bb][\/vc_column][\/vc_row][vc_row css_animation=\u00bb\u00bb row_type=\u00bbrow\u00bb use_row_as_full_screen_section=\u00bbno\u00bb type=\u00bbgrid\u00bb angled_section=\u00bbno\u00bb text_align=\u00bbcenter\u00bb background_image_as_pattern=\u00bbwithout_pattern\u00bb z_index=\u00bb\u00bb css=\u00bb.vc_custom_1564046198462{padding-top: 50px !important;padding-bottom: 50px !important;}\u00bb][vc_column][vc_column_text]<\/p>\n<h1><span class='highlight' style='color: #222222; background-color:transparent;'>Bienvenidos <\/span> a Meccanica Rossi<\/h1>\n<p>[\/vc_column_text][vc_empty_space height=\u00bb25px\u00bb][vc_video link=\u00bbhttps:\/\/www.youtube.com\/watch?v=vl3eTbPyPes\u00bb][\/vc_column][\/vc_row][vc_row css_animation=\u00bb\u00bb row_type=\u00bbrow\u00bb use_row_as_full_screen_section=\u00bbno\u00bb type=\u00bbgrid\u00bb angled_section=\u00bbno\u00bb text_align=\u00bbcenter\u00bb background_image_as_pattern=\u00bbwithout_pattern\u00bb z_index=\u00bb\u00bb css=\u00bb.vc_custom_1564046224268{padding-top: 50px !important;}\u00bb][vc_column][vc_column_text]<\/p>\n<h1>Nuestras <span class='highlight' style='color: #222222; background-color:transparent;'>m\u00e1quinas <\/span><\/h1>\n<p>[\/vc_column_text][vc_empty_space height=\u00bb25px\u00bb][qode_elements_holder number_of_columns=\u00bbone_column\u00bb][qode_elements_holder_item advanced_animations=\u00bbno\u00bb item_padding=\u00bb0 22% 0 22%\u00bb item_padding_768_1024=\u00bb0 16% 0 16%\u00bb item_padding_480=\u00bb0 0% 0 0%\u00bb][vc_column_text]<\/p>\n<h4>Algunos ejemplos de nuestra producci\u00f3n<\/h4>\n<p>[\/vc_column_text][\/qode_elements_holder_item][\/qode_elements_holder][\/vc_column][\/vc_row][vc_row css_animation=\u00bb\u00bb row_type=\u00bbrow\u00bb use_row_as_full_screen_section=\u00bbno\u00bb type=\u00bbgrid\u00bb angled_section=\u00bbno\u00bb text_align=\u00bbleft\u00bb background_image_as_pattern=\u00bbwithout_pattern\u00bb z_index=\u00bb\u00bb css=\u00bb.vc_custom_1564046238983{padding-bottom: 68px !important;}\u00bb][vc_column offset=\u00bbvc_col-lg-4 vc_col-md-4&#8243;][vc_single_image image=\u00bb713&#8243; img_size=\u00bbfull\u00bb qode_css_animation=\u00bb\u00bb][vc_empty_space height=\u00bb17px\u00bb][vc_column_text]<\/p>\n<h3>ASPO MOTORIZZATO MRM-312<\/h3>\n<p>[\/vc_column_text][vc_empty_space height=\u00bb8px\u00bb][vc_column_text]DESBOBINADOR PARA LA CARGA DE BOBINAS DE CHAPA CON MOTOR EL\u00c9CTRICO:<\/p>\n<ul>\n<li>velocidad variable<\/li>\n<li>capacidad de carga: 1.200 kg<\/li>\n<li>di\u00e1metro exterior m\u00e1ximo de la bobina: 1.400 mm<\/li>\n<li>anchura m\u00e1xima de la banda: 400 mm<\/li>\n<\/ul>\n<p>[\/vc_column_text][vc_empty_space][\/vc_column][vc_column offset=\u00bbvc_col-lg-4 vc_col-md-4&#8243;][vc_single_image image=\u00bb714&#8243; img_size=\u00bbfull\u00bb qode_css_animation=\u00bb\u00bb][vc_empty_space height=\u00bb17px\u00bb][vc_column_text]<\/p>\n<h3>NR9\/400<\/h3>\n<p>[\/vc_column_text][vc_empty_space height=\u00bb8px\u00bb][vc_column_text]PROFILATRICE PER SERRANDE NR 9\/400<\/p>\n<ul>\n<li>Bastidor de acero soldado y cepillado con ranura para la alineaci\u00f3n de los montantes de transmisi\u00f3n<\/li>\n<li>Con superficie de trabajo mecanizada y alargada para el montaje de los utillajes de perfilado en l\u00ednea<\/li>\n<\/ul>\n<p>[\/vc_column_text][vc_empty_space][\/vc_column][vc_column offset=\u00bbvc_col-lg-4 vc_col-md-4&#8243;][vc_single_image image=\u00bb715&#8243; img_size=\u00bbfull\u00bb qode_css_animation=\u00bb\u00bb][vc_empty_space height=\u00bb17px\u00bb][vc_column_text]<\/p>\n<h3>NRP MF CON MICROPERFORACI\u00d3N<\/h3>\n<p>[\/vc_column_text][vc_empty_space height=\u00bb8px\u00bb][vc_column_text]PERFILADORA DE 8 PASADAS CON MONTANTES DE FUNDICI\u00d3N, TRANSMISI\u00d3N A BA\u00d1O DE ACEITE Y MOTORREDUCTOR CON MOTOR SIN ESCOBILLAS:<\/p>\n<ul>\n<li>Microperforaci\u00f3n integrada R4T6-R2,5\/T4<\/li>\n<li>Configurable con tres series de rodillos para persianas<\/li>\n<li>Velocidad m\u00e1xima de producci\u00f3n: 30 m\/min<\/li>\n<li>Sistema hidr\u00e1ulico de alta eficiencia con intercambiador de calor<\/li>\n<li>Ordenador CNC 104 WIFI 10&#8243; pantalla t\u00e1ctil con software de gesti\u00f3n de la m\u00e1quina y creaci\u00f3n de logos u otros motivos mediante microperforaci\u00f3n<\/li>\n<li>Posibilidad de mecanizados intermedios en autom\u00e1tico<\/li>\n<\/ul>\n<p>[\/vc_column_text][vc_empty_space][\/vc_column][\/vc_row][vc_row css_animation=\u00bb\u00bb row_type=\u00bbrow\u00bb use_row_as_full_screen_section=\u00bbno\u00bb type=\u00bbgrid\u00bb angled_section=\u00bbno\u00bb text_align=\u00bbleft\u00bb background_image_as_pattern=\u00bbwithout_pattern\u00bb z_index=\u00bb\u00bb css=\u00bb.vc_custom_1595512324225{padding-bottom: 68px !important;}\u00bb el_class=\u00bbhidrow\u00bb][vc_column offset=\u00bbvc_col-lg-4 vc_col-md-4&#8243;][vc_single_image image=\u00bb713&#8243; img_size=\u00bbfull\u00bb qode_css_animation=\u00bb\u00bb][vc_empty_space height=\u00bb17px\u00bb][vc_column_text]<\/p>\n<h3>Micronastro<\/h3>\n<p>[\/vc_column_text][vc_empty_space height=\u00bb8px\u00bb][vc_column_text]GYPSUM PARTITION &#8211; N8 COMBINED PROFILES<\/p>\n<ul>\n<li>Stud + runner with adjustable base<\/li>\n<li>Ceiling &amp; angular<\/li>\n<li>N8 profiles without dismounting (3 stud + 3 runner + ceiling angular)<\/li>\n<li>Micro-points &amp; auto. punching \u201cH\u201d<\/li>\n<\/ul>\n<p>[\/vc_column_text][vc_empty_space]<a  itemprop=\"url\" href=\"#\" target=\"_self\"  class=\"qbutton  small center default\" style=\"\">Scopri di pi\u00f9<\/a>[vc_empty_space height=\u00bb50px\u00bb][\/vc_column][vc_column offset=\u00bbvc_col-lg-4 vc_col-md-4&#8243;][vc_single_image image=\u00bb716&#8243; img_size=\u00bbfull\u00bb qode_css_animation=\u00bb\u00bb][vc_empty_space height=\u00bb17px\u00bb][vc_column_text]<\/p>\n<h3>NR9<\/h3>\n<p>[\/vc_column_text][vc_empty_space height=\u00bb8px\u00bb][vc_column_text]GYPSUM PARTITION &#8211; N8 COMBINED PROFILES<\/p>\n<ul>\n<li>Stud + runner with adjustable base<\/li>\n<li>Ceiling &amp; angular<\/li>\n<li>N8 profiles without dismounting (3 stud + 3 runner + ceiling angular)<\/li>\n<li>Micro-points &amp; auto. punching \u201cH\u201d<\/li>\n<\/ul>\n<p>[\/vc_column_text][vc_empty_space]<a  itemprop=\"url\" href=\"#\" target=\"_self\"  class=\"qbutton  small center default\" style=\"\">Scopri di pi\u00f9<\/a>[vc_empty_space height=\u00bb50px\u00bb][\/vc_column][vc_column offset=\u00bbvc_col-lg-4 vc_col-md-4&#8243;][vc_single_image image=\u00bb717&#8243; img_size=\u00bbfull\u00bb qode_css_animation=\u00bb\u00bb][vc_empty_space height=\u00bb17px\u00bb][vc_column_text]<\/p>\n<h3>NRP Asola<\/h3>\n<p>[\/vc_column_text][vc_empty_space height=\u00bb8px\u00bb][vc_column_text]GYPSUM PARTITION &#8211; N8 COMBINED PROFILES<\/p>\n<ul>\n<li>Stud + runner with adjustable base<\/li>\n<li>Ceiling &amp; angular<\/li>\n<li>N8 profiles without dismounting (3 stud + 3 runner + ceiling angular)<\/li>\n<li>Micro-points &amp; auto. punching \u201cH\u201d<\/li>\n<\/ul>\n<p>[\/vc_column_text][vc_empty_space]<a  itemprop=\"url\" href=\"#\" target=\"_self\"  class=\"qbutton  small center default\" style=\"\">Scopri di pi\u00f9<\/a>[vc_empty_space height=\u00bb50px\u00bb][\/vc_column][\/vc_row][vc_row css_animation=\u00bb\u00bb row_type=\u00bbrow\u00bb use_row_as_full_screen_section=\u00bbno\u00bb type=\u00bbfull_width\u00bb angled_section=\u00bbno\u00bb text_align=\u00bbleft\u00bb background_image_as_pattern=\u00bbwithout_pattern\u00bb][vc_column][vc_empty_space height=\u00bb132px\u00bb][\/vc_column][\/vc_row][vc_row css_animation=\u00bb\u00bb row_type=\u00bbrow\u00bb use_row_as_full_screen_section=\u00bbno\u00bb type=\u00bbfull_width\u00bb angled_section=\u00bbno\u00bb text_align=\u00bbleft\u00bb background_image_as_pattern=\u00bbwithout_pattern\u00bb][vc_column]<div class=\"call_to_action with_icon\" style=\"background-color: #e9242e;padding-top: 55px;padding-bottom: 55px;\"><div class=\"container_inner\"><div class=\"two_columns_75_25 clearfix\"><div class=\"text_wrapper column1\"><div class=\"call_to_action_icon_holder\"><div class=\"call_to_action_icon\"><div class=\"call_to_action_icon_inner\"><img decoding=\"async\" itemprop=\"image\" src=\"https:\/\/www.meccanicarossi.com\/wp-content\/uploads\/2019\/07\/gear2.png\" alt=\"\"><\/div><\/div><\/div><div class=\"call_to_action_text \" style=\"\">\n<h3><span style=\"color: #ffffff;\">Chiamaci subito per ricevere un preventivo completo!<\/span><\/h3>\n<\/div><\/div><div class=\"button_wrapper column2\"><a itemprop=\"url\" href=\"\/contatti\" class=\"qbutton white large\" target=\"_self\" style=\"color: #222222;border-color: #ffffff;background-color: #ffffff;\"data-hover-background-color=rgba(255,255,255,0.95) data-hover-border-color=rgba(255,255,255,0.95) data-hover-color=#dd3333>Contattaci<\/a><\/div><\/div><\/div><\/div>[\/vc_column][\/vc_row]<\/p>\n","protected":false},"excerpt":{"rendered":"<p>[vc_row css_animation=\u00bb\u00bb row_type=\u00bbrow\u00bb use_row_as_full_screen_section=\u00bbno\u00bb type=\u00bbgrid\u00bb angled_section=\u00bbno\u00bb text_align=\u00bbcenter\u00bb background_image_as_pattern=\u00bbwithout_pattern\u00bb z_index=\u00bb\u00bb][vc_column width=\u00bb1\/2&#8243; css=\u00bb.vc_custom_1582562396762{margin-top: -124px !important;}\u00bb][qode_elements_holder background_color=\u00bb#ffffff\u00bb number_of_columns=\u00bbone_column\u00bb alignment_one_column=\u00bbcenter\u00bb custom_class=\u00bbeh-with-shadow\u00bb][qode_elements_holder_item vertical_alignment=\u00bbmiddle\u00bb horizontal_alignment=\u00bbcenter\u00bb advanced_animations=\u00bbno\u00bb item_padding=\u00bb63px 36px 50px 36px\u00bb item_padding_1024_1280=\u00bb63px 36px 50px 36px\u00bb][vc_empty_space height=\u00bb19px\u00bb][vc_column_text] Producci\u00f3n [\/vc_column_text][vc_empty_space height=\u00bb10px\u00bb][vc_column_text] Le nostre macchine vengono interamente assemblate dai nostri operatori, la cui esperienza manifatturiera,&#8230;<\/p>\n","protected":false},"author":1,"featured_media":0,"parent":0,"menu_order":0,"comment_status":"closed","ping_status":"closed","template":"full_width.php","meta":{"footnotes":""},"class_list":["post-730","page","type-page","status-publish","hentry"],"_links":{"self":[{"href":"https:\/\/www.meccanicarossi.com\/es\/wp-json\/wp\/v2\/pages\/730","targetHints":{"allow":["GET"]}}],"collection":[{"href":"https:\/\/www.meccanicarossi.com\/es\/wp-json\/wp\/v2\/pages"}],"about":[{"href":"https:\/\/www.meccanicarossi.com\/es\/wp-json\/wp\/v2\/types\/page"}],"author":[{"embeddable":true,"href":"https:\/\/www.meccanicarossi.com\/es\/wp-json\/wp\/v2\/users\/1"}],"replies":[{"embeddable":true,"href":"https:\/\/www.meccanicarossi.com\/es\/wp-json\/wp\/v2\/comments?post=730"}],"version-history":[{"count":3,"href":"https:\/\/www.meccanicarossi.com\/es\/wp-json\/wp\/v2\/pages\/730\/revisions"}],"predecessor-version":[{"id":733,"href":"https:\/\/www.meccanicarossi.com\/es\/wp-json\/wp\/v2\/pages\/730\/revisions\/733"}],"wp:attachment":[{"href":"https:\/\/www.meccanicarossi.com\/es\/wp-json\/wp\/v2\/media?parent=730"}],"curies":[{"name":"wp","href":"https:\/\/api.w.org\/{rel}","templated":true}]}}