{"id":663,"date":"2017-12-04T11:07:39","date_gmt":"2017-12-04T10:07:39","guid":{"rendered":"https:\/\/www.meccanicarossi.com\/?page_id=663"},"modified":"2026-05-13T14:24:07","modified_gmt":"2026-05-13T12:24:07","slug":"wer-wir-sind","status":"publish","type":"page","link":"https:\/\/www.meccanicarossi.com\/de\/wer-wir-sind\/","title":{"rendered":"Wer wir sind"},"content":{"rendered":"<p>[vc_row css_animation=&#8220;&#8220; row_type=&#8220;row&#8220; use_row_as_full_screen_section=&#8220;no&#8220; type=&#8220;grid&#8220; angled_section=&#8220;no&#8220; text_align=&#8220;left&#8220; background_image_as_pattern=&#8220;without_pattern&#8220; z_index=&#8220;&#8220; css=&#8220;.vc_custom_1512388758522{padding-top: 153px !important;padding-bottom: 41px !important;}&#8220;][vc_column offset=&#8220;vc_col-lg-4 vc_col-md-4&#8243;][vc_single_image image=&#8220;660&#8243; img_size=&#8220;full&#8220; qode_css_animation=&#8220;&#8220;][vc_empty_space height=&#8220;17px&#8220;][vc_column_text]<\/p>\n<h3>INNOVATIVE L\u00d6SUNGEN<\/h3>\n<p>[\/vc_column_text][vc_empty_space height=&#8220;8px&#8220;][vc_column_text]Die Suche nach innovativen L\u00f6sungen und die kontinuierliche technologische Weiterentwicklung haben dazu beigetragen, unser Unternehmen zu einem Referenzpunkt im Bereich der Profiliermaschinen zu machen.[\/vc_column_text][vc_empty_space height=&#8220;50px&#8220;][\/vc_column][vc_column offset=&#8220;vc_col-lg-4 vc_col-md-4&#8243;][vc_single_image image=&#8220;661&#8243; img_size=&#8220;full&#8220; qode_css_animation=&#8220;&#8220;][vc_empty_space height=&#8220;17px&#8220;][vc_column_text]<\/p>\n<h3>QUALIT\u00c4TSKONTROLLE<\/h3>\n<p>[\/vc_column_text][vc_empty_space height=&#8220;8px&#8220;][vc_column_text]Gemeinsam mit unserem Engagement haben wir ein Know-how entwickelt, das uns eine einwandfreie Qualit\u00e4tskontrolle und die Einhaltung europ\u00e4ischer Zertifizierungsstandards garantiert. Die Produktion, von der Planung bis zur Realisierung, wird von spezialisierten Technikern mit Hilfe modernster Konstruktions- und Fertigungssysteme durchgef\u00fchrt, um stets einen hohen Qualit\u00e4tsstandard zu gew\u00e4hrleisten.[\/vc_column_text][vc_empty_space height=&#8220;50px&#8220;][\/vc_column][vc_column offset=&#8220;vc_col-lg-4 vc_col-md-4&#8243;][vc_single_image image=&#8220;662&#8243; img_size=&#8220;full&#8220; qode_css_animation=&#8220;&#8220;][vc_empty_space height=&#8220;17px&#8220;][vc_column_text]<\/p>\n<h3>SERIOSIT\u00c4T UND KOMPETENZ<\/h3>\n<p>[\/vc_column_text][vc_empty_space height=&#8220;8px&#8220;][vc_column_text]Die Sorgfalt, mit der alle Phasen der Realisierung durchgef\u00fchrt werden, und der angebotene Kundendienst tragen dazu bei, uns zu einem gegenw\u00e4rtigen und zuk\u00fcnftigen Referenzpunkt zu machen \u2013 sowohl in der Projektierungsphase als auch im technischen After-Sales-Service. Die Seriosit\u00e4t und Kompetenz haben dazu beigetragen, unsere Produkte auf allen M\u00e4rkten zu etablieren, als Zeichen von Qualit\u00e4t und Zuverl\u00e4ssigkeit, die in zahlreichen Anwendungen zu finden sind.[\/vc_column_text][vc_empty_space height=&#8220;50px&#8220;][\/vc_column][\/vc_row][vc_row css_animation=&#8220;&#8220; row_type=&#8220;row&#8220; use_row_as_full_screen_section=&#8220;no&#8220; type=&#8220;full_width&#8220; angled_section=&#8220;no&#8220; text_align=&#8220;left&#8220; background_image_as_pattern=&#8220;without_pattern&#8220;][vc_column]<div class=\"call_to_action with_icon\" style=\"background-color: #e9242e;padding-top: 55px;padding-bottom: 55px;\"><div class=\"container_inner\"><div class=\"two_columns_75_25 clearfix\"><div class=\"text_wrapper column1\"><div class=\"call_to_action_icon_holder\"><div class=\"call_to_action_icon\"><div class=\"call_to_action_icon_inner\"><img decoding=\"async\" itemprop=\"image\" src=\"https:\/\/www.meccanicarossi.com\/wp-content\/uploads\/2019\/07\/gear2.png\" alt=\"\"><\/div><\/div><\/div><div class=\"call_to_action_text \" style=\"\">\n<h3><span style=\"color: #ffffff;\">Chiamaci subito per ricevere un preventivo completo!<\/span><\/h3>\n<\/div><\/div><div class=\"button_wrapper column2\"><a itemprop=\"url\" href=\"\/contatti\" class=\"qbutton white large\" target=\"_self\" style=\"color: #222222;border-color: #ffffff;background-color: #ffffff;\"data-hover-background-color=rgba(255,255,255,0.95) data-hover-border-color=rgba(255,255,255,0.95) data-hover-color=#dd3333>Contattaci<\/a><\/div><\/div><\/div><\/div>[\/vc_column][\/vc_row]<\/p>\n","protected":false},"excerpt":{"rendered":"<p>[vc_row css_animation=&#8220;&#8220; row_type=&#8220;row&#8220; use_row_as_full_screen_section=&#8220;no&#8220; type=&#8220;grid&#8220; angled_section=&#8220;no&#8220; text_align=&#8220;left&#8220; background_image_as_pattern=&#8220;without_pattern&#8220; z_index=&#8220;&#8220; css=&#8220;.vc_custom_1512388758522{padding-top: 153px !important;padding-bottom: 41px !important;}&#8220;][vc_column offset=&#8220;vc_col-lg-4 vc_col-md-4&#8243;][vc_single_image image=&#8220;660&#8243; img_size=&#8220;full&#8220; qode_css_animation=&#8220;&#8220;][vc_empty_space height=&#8220;17px&#8220;][vc_column_text] INNOVATIVE L\u00d6SUNGEN [\/vc_column_text][vc_empty_space height=&#8220;8px&#8220;][vc_column_text]Die Suche nach innovativen L\u00f6sungen und die kontinuierliche technologische Weiterentwicklung haben dazu beigetragen, unser Unternehmen zu einem Referenzpunkt im Bereich der Profiliermaschinen&#8230;<\/p>\n","protected":false},"author":1,"featured_media":0,"parent":0,"menu_order":0,"comment_status":"closed","ping_status":"closed","template":"full_width.php","meta":{"footnotes":""},"class_list":["post-663","page","type-page","status-publish","hentry"],"_links":{"self":[{"href":"https:\/\/www.meccanicarossi.com\/de\/wp-json\/wp\/v2\/pages\/663","targetHints":{"allow":["GET"]}}],"collection":[{"href":"https:\/\/www.meccanicarossi.com\/de\/wp-json\/wp\/v2\/pages"}],"about":[{"href":"https:\/\/www.meccanicarossi.com\/de\/wp-json\/wp\/v2\/types\/page"}],"author":[{"embeddable":true,"href":"https:\/\/www.meccanicarossi.com\/de\/wp-json\/wp\/v2\/users\/1"}],"replies":[{"embeddable":true,"href":"https:\/\/www.meccanicarossi.com\/de\/wp-json\/wp\/v2\/comments?post=663"}],"version-history":[{"count":4,"href":"https:\/\/www.meccanicarossi.com\/de\/wp-json\/wp\/v2\/pages\/663\/revisions"}],"predecessor-version":[{"id":671,"href":"https:\/\/www.meccanicarossi.com\/de\/wp-json\/wp\/v2\/pages\/663\/revisions\/671"}],"wp:attachment":[{"href":"https:\/\/www.meccanicarossi.com\/de\/wp-json\/wp\/v2\/media?parent=663"}],"curies":[{"name":"wp","href":"https:\/\/api.w.org\/{rel}","templated":true}]}}