{"id":657,"date":"2017-11-29T09:22:50","date_gmt":"2017-11-29T08:22:50","guid":{"rendered":"https:\/\/www.meccanicarossi.com\/?page_id=657"},"modified":"2026-05-13T14:44:32","modified_gmt":"2026-05-13T12:44:32","slug":"home","status":"publish","type":"page","link":"https:\/\/www.meccanicarossi.com\/de\/home\/","title":{"rendered":"Home"},"content":{"rendered":"<p>[vc_row css_animation=&#8220;&#8220; row_type=&#8220;row&#8220; use_row_as_full_screen_section=&#8220;no&#8220; type=&#8220;grid&#8220; angled_section=&#8220;no&#8220; text_align=&#8220;center&#8220; background_image_as_pattern=&#8220;without_pattern&#8220; z_index=&#8220;&#8220;][vc_column width=&#8220;1\/2&#8243; css=&#8220;.vc_custom_1582562396762{margin-top: -124px !important;}&#8220;][qode_elements_holder background_color=&#8220;#ffffff&#8220; number_of_columns=&#8220;one_column&#8220; alignment_one_column=&#8220;center&#8220; custom_class=&#8220;eh-with-shadow&#8220;][qode_elements_holder_item vertical_alignment=&#8220;middle&#8220; horizontal_alignment=&#8220;center&#8220; advanced_animations=&#8220;no&#8220; item_padding=&#8220;63px 36px 50px 36px&#8220; item_padding_1024_1280=&#8220;63px 36px 50px 36px&#8220;][vc_empty_space height=&#8220;19px&#8220;][vc_column_text]<\/p>\n<h3 style=\"text-align: center;\">Produktion<\/h3>\n<p>[\/vc_column_text][vc_empty_space height=&#8220;10px&#8220;][vc_column_text]<\/p>\n<p style=\"text-align: center;\">Unsere Maschinen werden vollst\u00e4ndig von unseren Mitarbeitern montiert. Ihre Fertigungserfahrung, in Verbindung mit der unserer externen Partner, garantiert hohe Qualit\u00e4tsstandards und eine schnelle Realisierung.<\/p>\n<p>[\/vc_column_text][vc_empty_space height=&#8220;43px&#8220;][\/qode_elements_holder_item][\/qode_elements_holder][vc_empty_space height=&#8220;130px&#8220;][\/vc_column][vc_column width=&#8220;1\/2&#8243; css=&#8220;.vc_custom_1582562402671{margin-top: -124px !important;}&#8220;][qode_elements_holder background_color=&#8220;#ffffff&#8220; number_of_columns=&#8220;one_column&#8220; alignment_one_column=&#8220;center&#8220; custom_class=&#8220;eh-with-shadow&#8220;][qode_elements_holder_item vertical_alignment=&#8220;middle&#8220; horizontal_alignment=&#8220;center&#8220; advanced_animations=&#8220;no&#8220; item_padding=&#8220;63px 36px 50px 36px&#8220; item_padding_1024_1280=&#8220;63px 36px 50px 36px&#8220;][vc_empty_space height=&#8220;10px&#8220;][vc_single_image image=&#8220;47&#8243; img_size=&#8220;full&#8220; alignment=&#8220;center&#8220; qode_css_animation=&#8220;&#8220;][vc_column_text]<\/p>\n<h3 style=\"text-align: center;\">Projektierung<\/h3>\n<p>[\/vc_column_text][vc_empty_space height=&#8220;19px&#8220;][vc_column_text]<\/p>\n<p style=\"text-align: center;\">Sorgf\u00e4ltig konstruierte Maschinen, die dank unserer vierzigj\u00e4hrigen Erfahrung und der kontinuierlichen Suche nach innovativen und fortschrittlichen L\u00f6sungen bestm\u00f6glich auf alle Ihre Anforderungen zugeschnitten sind.<\/p>\n<p>[\/vc_column_text][vc_empty_space height=&#8220;43px&#8220;][\/qode_elements_holder_item][\/qode_elements_holder][vc_empty_space height=&#8220;130px&#8220;][\/vc_column][\/vc_row][vc_row css_animation=&#8220;&#8220; row_type=&#8220;row&#8220; use_row_as_full_screen_section=&#8220;no&#8220; type=&#8220;grid&#8220; angled_section=&#8220;no&#8220; text_align=&#8220;center&#8220; background_image_as_pattern=&#8220;without_pattern&#8220; z_index=&#8220;&#8220;][vc_column css=&#8220;.vc_custom_1582562239991{margin-top: -124px !important;}&#8220; offset=&#8220;vc_col-lg-4 vc_hidden-lg vc_col-md-12 vc_hidden-md vc_hidden-sm vc_hidden-xs&#8220;][qode_elements_holder background_color=&#8220;#ffffff&#8220; number_of_columns=&#8220;one_column&#8220; alignment_one_column=&#8220;center&#8220; custom_class=&#8220;eh-with-shadow&#8220;][qode_elements_holder_item vertical_alignment=&#8220;middle&#8220; horizontal_alignment=&#8220;center&#8220; advanced_animations=&#8220;no&#8220; item_padding=&#8220;63px 36px 50px 36px&#8220; item_padding_1024_1280=&#8220;63px 10px 50px 10px&#8220;][vc_single_image image=&#8220;19&#8243; img_size=&#8220;full&#8220; alignment=&#8220;center&#8220; qode_css_animation=&#8220;&#8220;][vc_empty_space height=&#8220;19px&#8220;][vc_column_text]<\/p>\n<h3 style=\"text-align: center;\">Produzione<\/h3>\n<p>[\/vc_column_text][vc_empty_space height=&#8220;10px&#8220;][vc_column_text]<\/p>\n<p style=\"text-align: center;\">Le nostre macchine vengono interamente assemblate dai nostri operatori, la cui esperienza manifatturiera, unita a quella dei collaboratori esterni, garantisce elevati standard qualitativi e rapidit\u00e0 di realizzazione.<\/p>\n<p>[\/vc_column_text][vc_empty_space height=&#8220;43px&#8220;][\/qode_elements_holder_item][\/qode_elements_holder][vc_empty_space height=&#8220;130px&#8220;][\/vc_column][vc_column css=&#8220;.vc_custom_1582561860575{margin-top: -124px !important;}&#8220; offset=&#8220;vc_col-lg-4 vc_hidden-lg vc_col-md-12 vc_hidden-md vc_hidden-sm vc_hidden-xs&#8220;][qode_elements_holder background_color=&#8220;#ffffff&#8220; number_of_columns=&#8220;one_column&#8220; alignment_one_column=&#8220;center&#8220; custom_class=&#8220;eh-with-shadow&#8220;][qode_elements_holder_item vertical_alignment=&#8220;middle&#8220; horizontal_alignment=&#8220;center&#8220; advanced_animations=&#8220;no&#8220; item_padding=&#8220;63px 36px 50px 36px&#8220; item_padding_1024_1280=&#8220;63px 10px 50px 10px&#8220;][vc_single_image image=&#8220;47&#8243; img_size=&#8220;full&#8220; alignment=&#8220;center&#8220; qode_css_animation=&#8220;&#8220;][vc_empty_space height=&#8220;19px&#8220;][vc_column_text]<\/p>\n<h3 style=\"text-align: center;\">Progettazione<\/h3>\n<p>[\/vc_column_text][vc_empty_space height=&#8220;10px&#8220;][vc_column_text]<\/p>\n<p style=\"text-align: center;\">Macchine minuziosamente progettate in modo da rispondere al meglio a tutte le Vostre esigenze, grazie alla nostra quarantennale esperienza e continua ricerca di soluzioni innovative e all\u2019avanguardia.<\/p>\n<p>[\/vc_column_text][vc_empty_space height=&#8220;43px&#8220;][\/qode_elements_holder_item][\/qode_elements_holder][vc_empty_space height=&#8220;130px&#8220;][\/vc_column][vc_column css=&#8220;.vc_custom_1582561839013{margin-top: -124px !important;}&#8220; offset=&#8220;vc_col-lg-4 vc_hidden-lg vc_col-md-12 vc_hidden-md vc_hidden-sm vc_hidden-xs&#8220;][qode_elements_holder background_color=&#8220;#ffffff&#8220; number_of_columns=&#8220;one_column&#8220; alignment_one_column=&#8220;center&#8220; custom_class=&#8220;eh-with-shadow&#8220;][qode_elements_holder_item vertical_alignment=&#8220;middle&#8220; horizontal_alignment=&#8220;center&#8220; advanced_animations=&#8220;no&#8220; item_padding=&#8220;63px 36px 50px 36px&#8220; item_padding_1024_1280=&#8220;63px 10px 50px 10px&#8220;][vc_single_image image=&#8220;47&#8243; img_size=&#8220;full&#8220; alignment=&#8220;center&#8220; qode_css_animation=&#8220;&#8220;][vc_empty_space height=&#8220;19px&#8220;][vc_column_text]<\/p>\n<h3 style=\"text-align: center;\">Realizzazione<\/h3>\n<p>[\/vc_column_text][vc_empty_space height=&#8220;10px&#8220;][vc_column_text]<\/p>\n<p style=\"text-align: center;\">Lorem ipsum dolor sit amet, consectetur adipiscing elit. Sed malesuada neque et turpis hendrerit, et porta dui efficitur.<\/p>\n<p>[\/vc_column_text][vc_empty_space height=&#8220;43px&#8220;][\/qode_elements_holder_item][\/qode_elements_holder][vc_empty_space height=&#8220;130px&#8220;][\/vc_column][\/vc_row][vc_row css_animation=&#8220;&#8220; row_type=&#8220;row&#8220; use_row_as_full_screen_section=&#8220;no&#8220; type=&#8220;grid&#8220; angled_section=&#8220;no&#8220; text_align=&#8220;left&#8220; background_image_as_pattern=&#8220;without_pattern&#8220; z_index=&#8220;&#8220; css=&#8220;.vc_custom_1564046263025{padding-bottom: 50px !important;}&#8220;][vc_column offset=&#8220;vc_col-lg-6 vc_col-md-12&#8243;][qode_elements_holder number_of_columns=&#8220;one_column&#8220;][qode_elements_holder_item advanced_animations=&#8220;no&#8220; item_padding=&#8220;5% 17% 24% 0&#8243; item_padding_1024_1280=&#8220;0% 0% 24% 0&#8243; item_padding_768_1024=&#8220;0% 30% 5% 0&#8243;][vc_column_text]<\/p>\n<h1>Meccanica Rossi<\/h1>\n<h2>seit 1978<\/h2>\n<p>[\/vc_column_text][vc_empty_space height=&#8220;28px&#8220;][vc_column_text]<\/p>\n<h4>Die Suche nach innovativen L\u00f6sungen und die kontinuierliche technologische Weiterentwicklung haben dazu beigetragen, unser Unternehmen zu einem Referenzpunkt im Bereich der Profiliermaschinen zu machen.<\/h4>\n<p>[\/vc_column_text][vc_empty_space]<div class=\"q_icon_list\"><i class=\"qode_icon_font_awesome fa fa-check-circle qode-ili-icon-holder circle\" style=\"font-size: 22px;color: #e9242e;background-color: #ffffff;border-color:#ffffff;border-style:solid;border-width:1px;\" ><\/i><p style=\"font-size: 24px;\">Profiliermaschinen<\/p><\/div><div class=\"q_icon_list\"><i class=\"qode_icon_font_awesome fa fa-check-circle qode-ili-icon-holder circle\" style=\"font-size: 22px;color: #e9242e;background-color: #ffffff;border-color:#ffffff;border-style:solid;border-width:1px;\" ><\/i><p style=\"font-size: 24px;\">Rollens\u00e4tze<\/p><\/div>[vc_empty_space height=&#8220;40px&#8220;]<a  itemprop=\"url\" href=\"\/chi-siamo\" target=\"_self\"  class=\"qbutton  small center default\" style=\"\">Scopri di pi\u00f9<\/a>[\/qode_elements_holder_item][\/qode_elements_holder][\/vc_column][vc_column offset=&#8220;vc_col-lg-6 vc_col-md-12&#8243;][vc_empty_space height=&#8220;50px&#8220;][vc_single_image image=&#8220;634&#8243; img_size=&#8220;full&#8220; alignment=&#8220;center&#8220; qode_css_animation=&#8220;&#8220;][\/vc_column][\/vc_row][vc_row css_animation=&#8220;&#8220; row_type=&#8220;row&#8220; use_row_as_full_screen_section=&#8220;no&#8220; type=&#8220;grid&#8220; angled_section=&#8220;no&#8220; text_align=&#8220;center&#8220; background_image_as_pattern=&#8220;without_pattern&#8220; z_index=&#8220;&#8220; css=&#8220;.vc_custom_1564046198462{padding-top: 50px !important;padding-bottom: 50px !important;}&#8220;][vc_column][vc_column_text]<\/p>\n<h1><span class='highlight' style='color: #222222; background-color:transparent;'>Willkommen <\/span> bei Meccanica Rossi<\/h1>\n<p>[\/vc_column_text][vc_empty_space height=&#8220;25px&#8220;][vc_video link=&#8220;https:\/\/www.youtube.com\/watch?v=vl3eTbPyPes&#8220;][\/vc_column][\/vc_row][vc_row css_animation=&#8220;&#8220; row_type=&#8220;row&#8220; use_row_as_full_screen_section=&#8220;no&#8220; type=&#8220;grid&#8220; angled_section=&#8220;no&#8220; text_align=&#8220;center&#8220; background_image_as_pattern=&#8220;without_pattern&#8220; z_index=&#8220;&#8220; css=&#8220;.vc_custom_1564046224268{padding-top: 50px !important;}&#8220;][vc_column][vc_column_text]<\/p>\n<h1>Unsere <span class='highlight' style='color: #222222; background-color:transparent;'>maschinen <\/span><\/h1>\n<p>[\/vc_column_text][vc_empty_space height=&#8220;25px&#8220;][qode_elements_holder number_of_columns=&#8220;one_column&#8220;][qode_elements_holder_item advanced_animations=&#8220;no&#8220; item_padding=&#8220;0 22% 0 22%&#8220; item_padding_768_1024=&#8220;0 16% 0 16%&#8220; item_padding_480=&#8220;0 0% 0 0%&#8220;][vc_column_text]<\/p>\n<h4>Einige Beispiele unserer Produktion<\/h4>\n<p>[\/vc_column_text][\/qode_elements_holder_item][\/qode_elements_holder][\/vc_column][\/vc_row][vc_row css_animation=&#8220;&#8220; row_type=&#8220;row&#8220; use_row_as_full_screen_section=&#8220;no&#8220; type=&#8220;grid&#8220; angled_section=&#8220;no&#8220; text_align=&#8220;left&#8220; background_image_as_pattern=&#8220;without_pattern&#8220; z_index=&#8220;&#8220; css=&#8220;.vc_custom_1564046238983{padding-bottom: 68px !important;}&#8220;][vc_column offset=&#8220;vc_col-lg-4 vc_col-md-4&#8243;][vc_single_image image=&#8220;635&#8243; img_size=&#8220;full&#8220; qode_css_animation=&#8220;&#8220;][vc_empty_space height=&#8220;17px&#8220;][vc_column_text]<\/p>\n<h3>MOTORISIERTER COILHALTER MRM-312<\/h3>\n<p>[\/vc_column_text][vc_empty_space height=&#8220;8px&#8220;][vc_column_text]COILHALTER ZUM BELADEN VON BLECHROLLEN MIT ELEKTROMOTOR:<\/p>\n<ul>\n<li>variable Geschwindigkeit<\/li>\n<li>Tragkraft 1.200 kg<\/li>\n<li>maximaler Au\u00dfendurchmesser der Rolle: 1.400 mm<\/li>\n<li>maximale Bandbreite: 400 mm<\/li>\n<\/ul>\n<p>[\/vc_column_text][vc_empty_space][\/vc_column][vc_column offset=&#8220;vc_col-lg-4 vc_col-md-4&#8243;][vc_single_image image=&#8220;636&#8243; img_size=&#8220;full&#8220; qode_css_animation=&#8220;&#8220;][vc_empty_space height=&#8220;17px&#8220;][vc_column_text]<\/p>\n<h3>NR9\/400<\/h3>\n<p>[\/vc_column_text][vc_empty_space height=&#8220;8px&#8220;][vc_column_text]PROFILIERMASCHINE F\u00dcR ROLLL\u00c4DEN NR 9\/400<\/p>\n<ul>\n<li>Geschwei\u00dfter und gehobelter Stahlrahmen mit Nut zur Ausrichtung der \u00dcbertragungsst\u00e4nder<\/li>\n<li>mit bearbeiteter und verl\u00e4ngerter Auflagefl\u00e4che f\u00fcr die Montage der Profilbearbeitungswerkzeuge in der Linie.<\/li>\n<\/ul>\n<p>[\/vc_column_text][vc_empty_space][\/vc_column][vc_column offset=&#8220;vc_col-lg-4 vc_col-md-4&#8243;][vc_single_image image=&#8220;637&#8243; img_size=&#8220;full&#8220; qode_css_animation=&#8220;&#8220;][vc_empty_space height=&#8220;17px&#8220;][vc_column_text]<\/p>\n<h3>NRP MF MIT MIKROPERFORATION<\/h3>\n<p>[\/vc_column_text][vc_empty_space height=&#8220;8px&#8220;][vc_column_text]PROFILIERMASCHINE MIT 8 DURCHG\u00c4NGEN, GUSSEISENST\u00c4NDERN, \u00d6LBAD-\u00dcBERTRAGUNG UND GETRIEBEMOTOR MIT B\u00dcRSTENLOSEM MOTOR.<\/p>\n<ul>\n<li>Integrierte Mikroperforation R4T6-R2,5\/T4<\/li>\n<li>Konfigurierbar mit drei Rollladenrollens\u00e4tzen<\/li>\n<li>Maximale Produktionsgeschwindigkeit: 30 m\/min<\/li>\n<li>Hydraulikanlage mit hoher Effizienz und W\u00e4rmetauscher<\/li>\n<li>CNC-Computer 104 WIFI 10&#8243; Touchscreen mit Maschinenverwaltungssoftware und Erstellung von Logos oder anderen Motiven per Mikroperforation<\/li>\n<li>M\u00f6glichkeit automatischer Zwischenbearbeitungen<\/li>\n<\/ul>\n<p>[\/vc_column_text][vc_empty_space][\/vc_column][\/vc_row][vc_row css_animation=&#8220;&#8220; row_type=&#8220;row&#8220; use_row_as_full_screen_section=&#8220;no&#8220; type=&#8220;grid&#8220; angled_section=&#8220;no&#8220; text_align=&#8220;left&#8220; background_image_as_pattern=&#8220;without_pattern&#8220; z_index=&#8220;&#8220; css=&#8220;.vc_custom_1595512324225{padding-bottom: 68px !important;}&#8220; el_class=&#8220;hidrow&#8220;][vc_column offset=&#8220;vc_col-lg-4 vc_col-md-4&#8243;][vc_single_image image=&#8220;635&#8243; img_size=&#8220;full&#8220; qode_css_animation=&#8220;&#8220;][vc_empty_space height=&#8220;17px&#8220;][vc_column_text]<\/p>\n<h3>Micronastro<\/h3>\n<p>[\/vc_column_text][vc_empty_space height=&#8220;8px&#8220;][vc_column_text]GYPSUM PARTITION &#8211; N8 COMBINED PROFILES<\/p>\n<ul>\n<li>Stud + runner with adjustable base<\/li>\n<li>Ceiling &amp; angular<\/li>\n<li>N8 profiles without dismounting (3 stud + 3 runner + ceiling angular)<\/li>\n<li>Micro-points &amp; auto. punching \u201cH\u201d<\/li>\n<\/ul>\n<p>[\/vc_column_text][vc_empty_space]<a  itemprop=\"url\" href=\"#\" target=\"_self\"  class=\"qbutton  small center default\" style=\"\">Scopri di pi\u00f9<\/a>[vc_empty_space height=&#8220;50px&#8220;][\/vc_column][vc_column offset=&#8220;vc_col-lg-4 vc_col-md-4&#8243;][vc_single_image image=&#8220;638&#8243; img_size=&#8220;full&#8220; qode_css_animation=&#8220;&#8220;][vc_empty_space height=&#8220;17px&#8220;][vc_column_text]<\/p>\n<h3>NR9<\/h3>\n<p>[\/vc_column_text][vc_empty_space height=&#8220;8px&#8220;][vc_column_text]GYPSUM PARTITION &#8211; N8 COMBINED PROFILES<\/p>\n<ul>\n<li>Stud + runner with adjustable base<\/li>\n<li>Ceiling &amp; angular<\/li>\n<li>N8 profiles without dismounting (3 stud + 3 runner + ceiling angular)<\/li>\n<li>Micro-points &amp; auto. punching \u201cH\u201d<\/li>\n<\/ul>\n<p>[\/vc_column_text][vc_empty_space]<a  itemprop=\"url\" href=\"#\" target=\"_self\"  class=\"qbutton  small center default\" style=\"\">Scopri di pi\u00f9<\/a>[vc_empty_space height=&#8220;50px&#8220;][\/vc_column][vc_column offset=&#8220;vc_col-lg-4 vc_col-md-4&#8243;][vc_single_image image=&#8220;639&#8243; img_size=&#8220;full&#8220; qode_css_animation=&#8220;&#8220;][vc_empty_space height=&#8220;17px&#8220;][vc_column_text]<\/p>\n<h3>NRP Asola<\/h3>\n<p>[\/vc_column_text][vc_empty_space height=&#8220;8px&#8220;][vc_column_text]GYPSUM PARTITION &#8211; N8 COMBINED PROFILES<\/p>\n<ul>\n<li>Stud + runner with adjustable base<\/li>\n<li>Ceiling &amp; angular<\/li>\n<li>N8 profiles without dismounting (3 stud + 3 runner + ceiling angular)<\/li>\n<li>Micro-points &amp; auto. punching \u201cH\u201d<\/li>\n<\/ul>\n<p>[\/vc_column_text][vc_empty_space]<a  itemprop=\"url\" href=\"#\" target=\"_self\"  class=\"qbutton  small center default\" style=\"\">Scopri di pi\u00f9<\/a>[vc_empty_space height=&#8220;50px&#8220;][\/vc_column][\/vc_row][vc_row css_animation=&#8220;&#8220; row_type=&#8220;row&#8220; use_row_as_full_screen_section=&#8220;no&#8220; type=&#8220;full_width&#8220; angled_section=&#8220;no&#8220; text_align=&#8220;left&#8220; background_image_as_pattern=&#8220;without_pattern&#8220;][vc_column][vc_empty_space height=&#8220;132px&#8220;][\/vc_column][\/vc_row][vc_row css_animation=&#8220;&#8220; row_type=&#8220;row&#8220; use_row_as_full_screen_section=&#8220;no&#8220; type=&#8220;full_width&#8220; angled_section=&#8220;no&#8220; text_align=&#8220;left&#8220; background_image_as_pattern=&#8220;without_pattern&#8220;][vc_column]<div class=\"call_to_action with_icon\" style=\"background-color: #e9242e;padding-top: 55px;padding-bottom: 55px;\"><div class=\"container_inner\"><div class=\"two_columns_75_25 clearfix\"><div class=\"text_wrapper column1\"><div class=\"call_to_action_icon_holder\"><div class=\"call_to_action_icon\"><div class=\"call_to_action_icon_inner\"><img decoding=\"async\" itemprop=\"image\" src=\"https:\/\/www.meccanicarossi.com\/wp-content\/uploads\/2019\/07\/gear2.png\" alt=\"\"><\/div><\/div><\/div><div class=\"call_to_action_text \" style=\"\">\n<h3><span style=\"color: #ffffff;\">Chiamaci subito per ricevere un preventivo completo!<\/span><\/h3>\n<\/div><\/div><div class=\"button_wrapper column2\"><a itemprop=\"url\" href=\"\/contatti\" class=\"qbutton white large\" target=\"_self\" style=\"color: #222222;border-color: #ffffff;background-color: #ffffff;\"data-hover-background-color=rgba(255,255,255,0.95) data-hover-border-color=rgba(255,255,255,0.95) data-hover-color=#dd3333>Contattaci<\/a><\/div><\/div><\/div><\/div>[\/vc_column][\/vc_row]<\/p>\n","protected":false},"excerpt":{"rendered":"<p>[vc_row css_animation=&#8220;&#8220; row_type=&#8220;row&#8220; use_row_as_full_screen_section=&#8220;no&#8220; type=&#8220;grid&#8220; angled_section=&#8220;no&#8220; text_align=&#8220;center&#8220; background_image_as_pattern=&#8220;without_pattern&#8220; z_index=&#8220;&#8220;][vc_column width=&#8220;1\/2&#8243; css=&#8220;.vc_custom_1582562396762{margin-top: -124px !important;}&#8220;][qode_elements_holder background_color=&#8220;#ffffff&#8220; number_of_columns=&#8220;one_column&#8220; alignment_one_column=&#8220;center&#8220; custom_class=&#8220;eh-with-shadow&#8220;][qode_elements_holder_item vertical_alignment=&#8220;middle&#8220; horizontal_alignment=&#8220;center&#8220; advanced_animations=&#8220;no&#8220; item_padding=&#8220;63px 36px 50px 36px&#8220; item_padding_1024_1280=&#8220;63px 36px 50px 36px&#8220;][vc_empty_space height=&#8220;19px&#8220;][vc_column_text] Produktion [\/vc_column_text][vc_empty_space height=&#8220;10px&#8220;][vc_column_text] Unsere Maschinen werden vollst\u00e4ndig von unseren Mitarbeitern montiert. Ihre Fertigungserfahrung, in Verbindung mit&#8230;<\/p>\n","protected":false},"author":1,"featured_media":0,"parent":0,"menu_order":0,"comment_status":"closed","ping_status":"closed","template":"full_width.php","meta":{"footnotes":""},"class_list":["post-657","page","type-page","status-publish","hentry"],"_links":{"self":[{"href":"https:\/\/www.meccanicarossi.com\/de\/wp-json\/wp\/v2\/pages\/657","targetHints":{"allow":["GET"]}}],"collection":[{"href":"https:\/\/www.meccanicarossi.com\/de\/wp-json\/wp\/v2\/pages"}],"about":[{"href":"https:\/\/www.meccanicarossi.com\/de\/wp-json\/wp\/v2\/types\/page"}],"author":[{"embeddable":true,"href":"https:\/\/www.meccanicarossi.com\/de\/wp-json\/wp\/v2\/users\/1"}],"replies":[{"embeddable":true,"href":"https:\/\/www.meccanicarossi.com\/de\/wp-json\/wp\/v2\/comments?post=657"}],"version-history":[{"count":5,"href":"https:\/\/www.meccanicarossi.com\/de\/wp-json\/wp\/v2\/pages\/657\/revisions"}],"predecessor-version":[{"id":709,"href":"https:\/\/www.meccanicarossi.com\/de\/wp-json\/wp\/v2\/pages\/657\/revisions\/709"}],"wp:attachment":[{"href":"https:\/\/www.meccanicarossi.com\/de\/wp-json\/wp\/v2\/media?parent=657"}],"curies":[{"name":"wp","href":"https:\/\/api.w.org\/{rel}","templated":true}]}}